{"id":974,"date":"2026-01-31T09:35:06","date_gmt":"2026-01-31T09:35:06","guid":{"rendered":"https:\/\/vintageroom31.pleximus.in\/cosa-troverai\/"},"modified":"2026-01-31T10:55:49","modified_gmt":"2026-01-31T10:55:49","slug":"cosa-troverai","status":"publish","type":"page","link":"http:\/\/vintageroom31.pleximus.in\/it\/cosa-troverai\/","title":{"rendered":"Cosa troverai"},"content":{"rendered":"\n<div class=\"wp-block-uagb-container uagb-block-2bbbfa6d alignfull uagb-is-root-container\"><div class=\"uagb-container-inner-blocks-wrap\">\n<div class=\"wp-block-uagb-advanced-heading uagb-block-e81d0705\"><h1 class=\"uagb-heading-text\">Cosa troverai<\/h1><\/div>\n<\/div><\/div>\n\n<div class=\"wp-block-uagb-container uagb-block-1f7cbc6a alignfull uagb-is-root-container\"><\/div>\n\n<div class=\"wp-block-uagb-container uagb-block-90b64de1 alignfull uagb-is-root-container\"><div class=\"uagb-container-inner-blocks-wrap\">\n<div class=\"wp-block-uagb-container uagb-layout-flex uagb-block-3f4334ac\">\n<div class=\"wp-block-uagb-advanced-heading uagb-block-26eebbcd\"><h2 class=\"uagb-heading-text\">Collezione Selezionata<\/h2><\/div>\n\n\n\n<div class=\"wp-block-uagb-advanced-heading uagb-block-755a1f28\"><p class=\"uagb-heading-text\">Vintage Room 31 offre una gamma accuratamente selezionata di abbigliamento da donna, da uomo, giacche di pelle e accessori. Ogni capo \u00e8 scelto personalmente con una forte attenzione alla qualit\u00e0, alla vestibilit\u00e0 e al design senza tempo, creando una collezione che risulta ponderata, raffinata e duratura. <\/p><\/div>\n<\/div>\n<\/div><\/div>\n\n<div class=\"wp-block-uagb-container uagb-block-7bb1fdd6 alignfull uagb-is-root-container\"><div class=\"uagb-container-inner-blocks-wrap\">\n<div class=\"wp-block-uagb-container uagb-block-89623711\">\n<div class=\"wp-block-uagb-container uagb-block-b0722b54\">\n<div class=\"wp-block-uagb-advanced-heading uagb-block-66ebd0f1\"><h2 class=\"uagb-heading-text\">Abbigliamento da donna<\/h2><\/div>\n\n\n\n<div class=\"wp-block-uagb-advanced-heading uagb-block-84d8a479\"><p class=\"uagb-heading-text\">La collezione di abbigliamento femminile si distingue per silhouette raffinate, materiali di alta qualit\u00e0 e sartoria moderna. Ogni capo \u00e8 progettato per essere pratico ma elegante, perfetto sia per tutti i giorni che per le occasioni speciali. <br\/><\/p><\/div>\n\n\n\n<div class=\"wp-block-uagb-image uagb-block-941ae80f wp-block-uagb-image--layout-default wp-block-uagb-image--effect-static wp-block-uagb-image--align-none\"><figure class=\"wp-block-uagb-image__figure\"><img decoding=\"async\" srcset=\"http:\/\/vintageroom31.pleximus.in\/wp-content\/uploads\/2025\/12\/Unikatni-vintage-kousek-z-Upcycled-kolekce-Vintage-Room-31_gm_optimized.webp ,http:\/\/vintageroom31.pleximus.in\/wp-content\/uploads\/2025\/12\/Unikatni-vintage-kousek-z-Upcycled-kolekce-Vintage-Room-31_gm_optimized.webp 780w, http:\/\/vintageroom31.pleximus.in\/wp-content\/uploads\/2025\/12\/Unikatni-vintage-kousek-z-Upcycled-kolekce-Vintage-Room-31_gm_optimized.webp 360w\" sizes=\"auto, (max-width: 480px) 150px\" src=\"http:\/\/vintageroom31.pleximus.in\/wp-content\/uploads\/2025\/12\/Unikatni-vintage-kousek-z-Upcycled-kolekce-Vintage-Room-31_gm_optimized.webp\" alt=\"\" class=\"uag-image-486\" width=\"1008\" height=\"756\" title=\"Pezzo vintage unico della collezione Upcycled, Vintage Room 31_gm_optimized\" loading=\"lazy\" role=\"img\"><\/figure><\/div>\n<\/div>\n<\/div>\n\n\n\n<div class=\"wp-block-uagb-container uagb-block-a6e8ebd6\">\n<div class=\"wp-block-uagb-container uagb-block-3c1dab0a\">\n<div class=\"wp-block-uagb-image uagb-block-af14805d wp-block-uagb-image--layout-default wp-block-uagb-image--effect-static wp-block-uagb-image--align-none\"><figure class=\"wp-block-uagb-image__figure\"><img decoding=\"async\" srcset=\"http:\/\/vintageroom31.pleximus.in\/wp-content\/uploads\/2025\/12\/Unikatni-vintage-kousek-z-Upcycled-kolekce-Vintage-Room-31_gm_optimized.webp ,http:\/\/vintageroom31.pleximus.in\/wp-content\/uploads\/2025\/12\/Unikatni-vintage-kousek-z-Upcycled-kolekce-Vintage-Room-31_gm_optimized.webp 780w, http:\/\/vintageroom31.pleximus.in\/wp-content\/uploads\/2025\/12\/Unikatni-vintage-kousek-z-Upcycled-kolekce-Vintage-Room-31_gm_optimized.webp 360w\" sizes=\"auto, (max-width: 480px) 150px\" src=\"http:\/\/vintageroom31.pleximus.in\/wp-content\/uploads\/2025\/12\/Unikatni-vintage-kousek-z-Upcycled-kolekce-Vintage-Room-31_gm_optimized.webp\" alt=\"\" class=\"uag-image-486\" width=\"1008\" height=\"756\" title=\"Pezzo vintage unico della collezione Upcycled, Vintage Room 31_gm_optimized\" loading=\"lazy\" role=\"img\"><\/figure><\/div>\n\n\n\n<div class=\"wp-block-uagb-advanced-heading uagb-block-18264e24\"><p class=\"uagb-heading-text\">La collezione di abbigliamento femminile si distingue per silhouette raffinate, materiali di alta qualit\u00e0 e sartoria moderna. Ogni capo \u00e8 progettato per essere pratico ma elegante, perfetto sia per tutti i giorni che per le occasioni speciali. <br\/><\/p><\/div>\n<\/div>\n<\/div>\n<\/div><\/div>\n\n<p><\/p>\n","protected":false},"excerpt":{"rendered":"<p>Cosa troverai Collezione Selezionata Vintage Room 31 offre una gamma accuratamente selezionata di abbigliamento da donna, da uomo, giacche di [&hellip;]<\/p>\n","protected":false},"author":1,"featured_media":0,"parent":0,"menu_order":0,"comment_status":"closed","ping_status":"closed","template":"","meta":{"_uag_custom_page_level_css":"","site-sidebar-layout":"default","site-content-layout":"","ast-site-content-layout":"default","site-content-style":"default","site-sidebar-style":"default","ast-global-header-display":"","ast-banner-title-visibility":"","ast-main-header-display":"","ast-hfb-above-header-display":"","ast-hfb-below-header-display":"","ast-hfb-mobile-header-display":"","site-post-title":"disabled","ast-breadcrumbs-content":"","ast-featured-img":"","footer-sml-layout":"","theme-transparent-header-meta":"","adv-header-id-meta":"","stick-header-meta":"","header-above-stick-meta":"","header-main-stick-meta":"","header-below-stick-meta":"","astra-migrate-meta-layouts":"default","ast-page-background-enabled":"default","ast-page-background-meta":{"desktop":{"background-color":"var(--ast-global-color-5)","background-image":"","background-repeat":"repeat","background-position":"center center","background-size":"auto","background-attachment":"scroll","background-type":"","background-media":"","overlay-type":"","overlay-color":"","overlay-opacity":"","overlay-gradient":""},"tablet":{"background-color":"","background-image":"","background-repeat":"repeat","background-position":"center center","background-size":"auto","background-attachment":"scroll","background-type":"","background-media":"","overlay-type":"","overlay-color":"","overlay-opacity":"","overlay-gradient":""},"mobile":{"background-color":"","background-image":"","background-repeat":"repeat","background-position":"center center","background-size":"auto","background-attachment":"scroll","background-type":"","background-media":"","overlay-type":"","overlay-color":"","overlay-opacity":"","overlay-gradient":""}},"ast-content-background-meta":{"desktop":{"background-color":"var(--ast-global-color-4)","background-image":"","background-repeat":"repeat","background-position":"center center","background-size":"auto","background-attachment":"scroll","background-type":"","background-media":"","overlay-type":"","overlay-color":"","overlay-opacity":"","overlay-gradient":""},"tablet":{"background-color":"var(--ast-global-color-4)","background-image":"","background-repeat":"repeat","background-position":"center center","background-size":"auto","background-attachment":"scroll","background-type":"","background-media":"","overlay-type":"","overlay-color":"","overlay-opacity":"","overlay-gradient":""},"mobile":{"background-color":"var(--ast-global-color-4)","background-image":"","background-repeat":"repeat","background-position":"center center","background-size":"auto","background-attachment":"scroll","background-type":"","background-media":"","overlay-type":"","overlay-color":"","overlay-opacity":"","overlay-gradient":""}},"footnotes":""},"class_list":["post-974","page","type-page","status-publish","hentry"],"uagb_featured_image_src":{"full":false,"thumbnail":false,"medium":false,"medium_large":false,"large":false,"1536x1536":false,"2048x2048":false},"uagb_author_info":{"display_name":"admin","author_link":"http:\/\/vintageroom31.pleximus.in\/it\/author\/admin\/"},"uagb_comment_info":0,"uagb_excerpt":"Cosa troverai Collezione Selezionata Vintage Room 31 offre una gamma accuratamente selezionata di abbigliamento da donna, da uomo, giacche di [&hellip;]","_links":{"self":[{"href":"http:\/\/vintageroom31.pleximus.in\/it\/wp-json\/wp\/v2\/pages\/974","targetHints":{"allow":["GET"]}}],"collection":[{"href":"http:\/\/vintageroom31.pleximus.in\/it\/wp-json\/wp\/v2\/pages"}],"about":[{"href":"http:\/\/vintageroom31.pleximus.in\/it\/wp-json\/wp\/v2\/types\/page"}],"author":[{"embeddable":true,"href":"http:\/\/vintageroom31.pleximus.in\/it\/wp-json\/wp\/v2\/users\/1"}],"replies":[{"embeddable":true,"href":"http:\/\/vintageroom31.pleximus.in\/it\/wp-json\/wp\/v2\/comments?post=974"}],"version-history":[{"count":14,"href":"http:\/\/vintageroom31.pleximus.in\/it\/wp-json\/wp\/v2\/pages\/974\/revisions"}],"predecessor-version":[{"id":1026,"href":"http:\/\/vintageroom31.pleximus.in\/it\/wp-json\/wp\/v2\/pages\/974\/revisions\/1026"}],"wp:attachment":[{"href":"http:\/\/vintageroom31.pleximus.in\/it\/wp-json\/wp\/v2\/media?parent=974"}],"curies":[{"name":"wp","href":"https:\/\/api.w.org\/{rel}","templated":true}]}}