{"id":962,"date":"2025-12-26T15:04:29","date_gmt":"2025-12-26T15:04:29","guid":{"rendered":"https:\/\/vintageroom31.pleximus.in\/informazioni\/"},"modified":"2026-01-29T15:56:10","modified_gmt":"2026-01-29T15:56:10","slug":"informazioni","status":"publish","type":"page","link":"http:\/\/vintageroom31.pleximus.in\/it\/informazioni\/","title":{"rendered":"Informazioni"},"content":{"rendered":"\n<div class=\"wp-block-uagb-container uagb-block-2bbbfa6d alignfull uagb-is-root-container\"><div class=\"uagb-container-inner-blocks-wrap\">\n<div class=\"wp-block-uagb-advanced-heading uagb-block-e81d0705\"><h1 class=\"uagb-heading-text\">INFORMAZIONI SU <br\/>VINTAGE ROOM 31<\/h1><\/div>\n<\/div><\/div>\n\n<div class=\"wp-block-uagb-container uagb-block-1f7cbc6a alignfull uagb-is-root-container\">\n<figure class=\"wp-block-video\"><video height=\"720\" style=\"aspect-ratio: 1280 \/ 720;\" width=\"1280\" autoplay=\"\" loop=\"\" muted=\"\" src=\"http:\/\/vintageroom31.pleximus.in\/wp-content\/uploads\/2025\/12\/8890976-hd_1280_720_25fps.mp4\" playsinline=\"\"><\/video><\/figure>\n<\/div>\n\n<div class=\"wp-block-uagb-container uagb-block-96da198e alignfull uagb-is-root-container\"><div class=\"uagb-container-inner-blocks-wrap\">\n<div class=\"wp-block-uagb-advanced-heading uagb-block-70a630db\"><h2 class=\"uagb-heading-text\">La filosofia della moda consapevole<\/h2><\/div>\n\n\n\n<div class=\"wp-block-uagb-advanced-heading uagb-block-96a0222c\"><p class=\"uagb-heading-text\">Vintage Room 31 si impegna a favore della slow fashion. Ogni capo \u00e8 selezionato in base alla qualit\u00e0 del tessuto, alla manifattura, alla vestibilit\u00e0 e al fascino senza tempo, piuttosto che alla domanda stagionale. L&#8217;attenzione \u00e8 rivolta a capi che possono evolvere con lo stile personale, anzich\u00e9 scadere con le tendenze.  <br\/><br\/>Ogni elemento di Vintage Room 31 \u00e8 progettato per trasmettere un&#8217;atmosfera intima e intenzionale. Dai capi esposti all&#8217;esperienza complessiva, la boutique riflette un modo pi\u00f9 lento e consapevole di interagire con la moda. \u00c8 uno spazio creato per chi apprezza l&#8217;autenticit\u00e0, i dettagli e lo stile duraturo.  <\/p><\/div>\n\n\n\n<div class=\"wp-block-uagb-container uagb-block-08ffbca7\">\n<div class=\"wp-block-uagb-container uagb-block-efd87f47\">\n<div class=\"wp-block-uagb-image uagb-block-73a1e3ec wp-block-uagb-image--layout-default wp-block-uagb-image--effect-static wp-block-uagb-image--align-none\"><figure class=\"wp-block-uagb-image__figure\"><img decoding=\"async\" srcset=\"http:\/\/vintageroom31.pleximus.in\/wp-content\/uploads\/2025\/12\/Vintage-damske-kozene-obleceni-Vintage-room31_gm_optimized.webp ,http:\/\/vintageroom31.pleximus.in\/wp-content\/uploads\/2025\/12\/Vintage-damske-kozene-obleceni-Vintage-room31_gm_optimized.webp 780w, http:\/\/vintageroom31.pleximus.in\/wp-content\/uploads\/2025\/12\/Vintage-damske-kozene-obleceni-Vintage-room31_gm_optimized.webp 360w\" sizes=\"auto, (max-width: 480px) 150px\" src=\"http:\/\/vintageroom31.pleximus.in\/wp-content\/uploads\/2025\/12\/Vintage-damske-kozene-obleceni-Vintage-room31_gm_optimized.webp\" alt=\"\" class=\"uag-image-487\" width=\"1008\" height=\"756\" title=\"Vintage d\u00e1msk\u00e9 ko\u017een\u00e9 oble\u010den\u00ed, Vintage room31_gm_optimized\" loading=\"lazy\" role=\"img\"><\/figure><\/div>\n<\/div>\n\n\n\n<div class=\"wp-block-uagb-container uagb-block-05d4e243\">\n<div class=\"wp-block-uagb-image uagb-block-38ee7e17 wp-block-uagb-image--layout-default wp-block-uagb-image--effect-static wp-block-uagb-image--align-none\"><figure class=\"wp-block-uagb-image__figure\"><img decoding=\"async\" srcset=\"http:\/\/vintageroom31.pleximus.in\/wp-content\/uploads\/2025\/12\/Stylove-damske-boty-exkluzivni-kolekce-Vintage-Room-31_gm_optimized.webp ,http:\/\/vintageroom31.pleximus.in\/wp-content\/uploads\/2025\/12\/Stylove-damske-boty-exkluzivni-kolekce-Vintage-Room-31_gm_optimized.webp 780w, http:\/\/vintageroom31.pleximus.in\/wp-content\/uploads\/2025\/12\/Stylove-damske-boty-exkluzivni-kolekce-Vintage-Room-31_gm_optimized.webp 360w\" sizes=\"auto, (max-width: 480px) 150px\" src=\"http:\/\/vintageroom31.pleximus.in\/wp-content\/uploads\/2025\/12\/Stylove-damske-boty-exkluzivni-kolekce-Vintage-Room-31_gm_optimized.webp\" alt=\"\" class=\"uag-image-484\" width=\"1008\" height=\"756\" title=\"Stylov\u00e9 d\u00e1msk\u00e9 boty - exkluzivn\u00ed kolekce Vintage Room 31_gm_optimized\" loading=\"lazy\" role=\"img\"><\/figure><\/div>\n<\/div>\n\n\n\n<div class=\"wp-block-uagb-container uagb-block-dd94d61a\">\n<div class=\"wp-block-uagb-image uagb-block-60a9e2db wp-block-uagb-image--layout-default wp-block-uagb-image--effect-static wp-block-uagb-image--align-none\"><figure class=\"wp-block-uagb-image__figure\"><img decoding=\"async\" srcset=\"http:\/\/vintageroom31.pleximus.in\/wp-content\/uploads\/2025\/12\/Designove-kabelky-v-prvni-casti-obchodu-timeless-vintage-tasky-_gm_optimized.webp ,http:\/\/vintageroom31.pleximus.in\/wp-content\/uploads\/2025\/12\/Designove-kabelky-v-prvni-casti-obchodu-timeless-vintage-tasky-_gm_optimized.webp 780w, http:\/\/vintageroom31.pleximus.in\/wp-content\/uploads\/2025\/12\/Designove-kabelky-v-prvni-casti-obchodu-timeless-vintage-tasky-_gm_optimized.webp 360w\" sizes=\"auto, (max-width: 480px) 150px\" src=\"http:\/\/vintageroom31.pleximus.in\/wp-content\/uploads\/2025\/12\/Designove-kabelky-v-prvni-casti-obchodu-timeless-vintage-tasky-_gm_optimized.webp\" alt=\"\" class=\"uag-image-464\" width=\"1008\" height=\"756\" title=\"Designov\u00e9 kabelky v prvn\u00ed \u010d\u00e1sti obchodu - timeless vintage ta\u0161ky _gm_optimized\" loading=\"lazy\" role=\"img\"><\/figure><\/div>\n<\/div>\n<\/div>\n<\/div><\/div>\n\n<div class=\"wp-block-uagb-container uagb-block-822be240 alignfull uagb-is-root-container\"><div class=\"uagb-container-inner-blocks-wrap\">\n<div class=\"wp-block-uagb-advanced-heading uagb-block-d6b01335\"><h2 class=\"uagb-heading-text\">Informazioni su Armina Pandeyan<\/h2><\/div>\n\n\n\n<div class=\"wp-block-uagb-container uagb-block-95312b16\">\n<div class=\"wp-block-uagb-container uagb-block-352618a1\">\n<div class=\"wp-block-uagb-advanced-heading uagb-block-9de50bef\"><p class=\"uagb-heading-text\">Questo approccio pratico consente alla boutique di mantenere una identit\u00e0 distinta. Ogni collezione risulta coesa ma individuale, offrendo ai clienti un&#8217;esperienza di shopping unica e irripetibile. <\/p><\/div>\n\n\n\n<div class=\"wp-block-uagb-image uagb-block-8e921f34 wp-block-uagb-image--layout-default wp-block-uagb-image--effect-static wp-block-uagb-image--align-none\"><figure class=\"wp-block-uagb-image__figure\"><img decoding=\"async\" srcset=\"http:\/\/vintageroom31.pleximus.in\/wp-content\/uploads\/2025\/12\/Designove-kabelky-v-prvni-casti-obchodu-timeless-vintage-tasky-_gm_optimized.webp ,http:\/\/vintageroom31.pleximus.in\/wp-content\/uploads\/2025\/12\/Designove-kabelky-v-prvni-casti-obchodu-timeless-vintage-tasky-_gm_optimized.webp 780w, http:\/\/vintageroom31.pleximus.in\/wp-content\/uploads\/2025\/12\/Designove-kabelky-v-prvni-casti-obchodu-timeless-vintage-tasky-_gm_optimized.webp 360w\" sizes=\"auto, (max-width: 480px) 150px\" src=\"http:\/\/vintageroom31.pleximus.in\/wp-content\/uploads\/2025\/12\/Designove-kabelky-v-prvni-casti-obchodu-timeless-vintage-tasky-_gm_optimized.webp\" alt=\"\" class=\"uag-image-464\" width=\"1008\" height=\"756\" title=\"Designov\u00e9 kabelky v prvn\u00ed \u010d\u00e1sti obchodu - timeless vintage ta\u0161ky _gm_optimized\" loading=\"lazy\" role=\"img\"><\/figure><\/div>\n\n\n\n<div class=\"wp-block-uagb-advanced-heading uagb-block-a03921ca\"><p class=\"uagb-heading-text\"><br\/>Vintage Room 31 \u00e8 stata fondata da Armina Pandeyan, il cui approccio alla moda \u00e8 radicato nell&#8217;artigianato, nell&#8217;autenticit\u00e0 e nell&#8217;individualit\u00e0. Con un occhio allenato per i dettagli, cura personalmente ogni capo disponibile nella boutique. <\/p><\/div>\n<\/div>\n\n\n\n<div class=\"wp-block-uagb-container uagb-block-4e642b8a\">\n<figure class=\"wp-block-video\"><video height=\"1366\" style=\"aspect-ratio: 720 \/ 1366;\" width=\"720\" autoplay=\"\" loop=\"\" muted=\"\" src=\"http:\/\/vintageroom31.pleximus.in\/wp-content\/uploads\/2025\/12\/4620563-hd_720_1366_50fps.mp4\" playsinline=\"\"><\/video><\/figure>\n<\/div>\n\n\n\n<div class=\"wp-block-uagb-container uagb-block-034c080d\">\n<div class=\"wp-block-uagb-image uagb-block-1204ac25 wp-block-uagb-image--layout-default wp-block-uagb-image--effect-static wp-block-uagb-image--align-none\"><figure class=\"wp-block-uagb-image__figure\"><img decoding=\"async\" srcset=\"http:\/\/vintageroom31.pleximus.in\/wp-content\/uploads\/2025\/12\/Interier-druhe-sekce-obchodu-Vintage-room-31-_gm_optimized.webp ,http:\/\/vintageroom31.pleximus.in\/wp-content\/uploads\/2025\/12\/Interier-druhe-sekce-obchodu-Vintage-room-31-_gm_optimized.webp 780w, http:\/\/vintageroom31.pleximus.in\/wp-content\/uploads\/2025\/12\/Interier-druhe-sekce-obchodu-Vintage-room-31-_gm_optimized.webp 360w\" sizes=\"auto, (max-width: 480px) 150px\" src=\"http:\/\/vintageroom31.pleximus.in\/wp-content\/uploads\/2025\/12\/Interier-druhe-sekce-obchodu-Vintage-room-31-_gm_optimized.webp\" alt=\"\" class=\"uag-image-467\" width=\"1008\" height=\"756\" title=\"Interi\u00e9r druh\u00e9 sekce obchodu Vintage room 31 _gm_optimized\" loading=\"lazy\" role=\"img\"><\/figure><\/div>\n\n\n\n<div class=\"wp-block-uagb-advanced-heading uagb-block-0fee1055\"><p class=\"uagb-heading-text\"><br\/>Armina crede che l&#8217;abbigliamento debba avere carattere e scopo. Il suo processo di selezione \u00e8 guidato dall&#8217;intuizione, dall&#8217;esperienza e dal rispetto per l&#8217;integrit\u00e0 del design. Ogni capo riflette la sua visione della moda come qualcosa da vivere, non da sostituire.  <\/p><\/div>\n\n\n\n<div class=\"wp-block-uagb-image uagb-block-8273b692 wp-block-uagb-image--layout-default wp-block-uagb-image--effect-static wp-block-uagb-image--align-none\"><figure class=\"wp-block-uagb-image__figure\"><img decoding=\"async\" srcset=\"http:\/\/vintageroom31.pleximus.in\/wp-content\/uploads\/2025\/12\/Sekce-butiku-stul-s-magaziny-a-exkluzivnimi-sperk-Vintage-Room-31_gm_optimized.webp ,http:\/\/vintageroom31.pleximus.in\/wp-content\/uploads\/2025\/12\/Sekce-butiku-stul-s-magaziny-a-exkluzivnimi-sperk-Vintage-Room-31_gm_optimized.webp 780w, http:\/\/vintageroom31.pleximus.in\/wp-content\/uploads\/2025\/12\/Sekce-butiku-stul-s-magaziny-a-exkluzivnimi-sperk-Vintage-Room-31_gm_optimized.webp 360w\" sizes=\"auto, (max-width: 480px) 150px\" src=\"http:\/\/vintageroom31.pleximus.in\/wp-content\/uploads\/2025\/12\/Sekce-butiku-stul-s-magaziny-a-exkluzivnimi-sperk-Vintage-Room-31_gm_optimized.webp\" alt=\"\" class=\"uag-image-483\" width=\"1008\" height=\"756\" title=\"Sekce butiku - st\u016fl s magaz\u00edny a exkluzivn\u00edmi \u0161perk, Vintage Room 31_gm_optimized\" loading=\"lazy\" role=\"img\"><\/figure><\/div>\n<\/div>\n<\/div>\n<\/div><\/div>\n\n<div class=\"wp-block-uagb-container uagb-block-90b64de1 alignfull uagb-is-root-container\"><div class=\"uagb-container-inner-blocks-wrap\">\n<div class=\"wp-block-uagb-container uagb-layout-flex uagb-block-3f4334ac\">\n<div class=\"wp-block-uagb-advanced-heading uagb-block-26eebbcd\"><h2 class=\"uagb-heading-text\">Uno spazio per lo stile individuale<\/h2><\/div>\n\n\n\n<div class=\"wp-block-uagb-advanced-heading uagb-block-755a1f28\"><p class=\"uagb-heading-text\">Vintage Room 31 \u00e8 pensato per le persone che apprezzano la moda con profondit\u00e0 e intenzione. La boutique incoraggia l&#8217;espressione di s\u00e9 attraverso capi scelti con cura, piuttosto che tendenze imposte. <br\/><br\/>I clienti sono invitati a esplorare la moda secondo i propri ritmi, scoprendo capi che risuonano con la loro personalit\u00e0, il loro stile di vita e i loro valori. L&#8217;esperienza \u00e8 senza fretta, personale e ponderata. <\/p><\/div>\n<\/div>\n\n\n\n<figure class=\"wp-block-gallery has-nested-images columns-default is-cropped uag-masonry uagb-block-ac6ad2b6 wp-block-gallery-1 is-layout-flex wp-block-gallery-is-layout-flex\">\n<figure class=\"wp-block-image size-large\"><img loading=\"lazy\" decoding=\"async\" width=\"1008\" height=\"756\" data-id=\"490\" src=\"https:\/\/vintageroom31.pleximus.in\/wp-content\/uploads\/2025\/12\/Vintage-Zimni-kolekce-damskeho-obleceni-Vintage-room31_gm_optimized.webp\" alt=\"\" class=\"wp-image-490\" srcset=\"http:\/\/vintageroom31.pleximus.in\/wp-content\/uploads\/2025\/12\/Vintage-Zimni-kolekce-damskeho-obleceni-Vintage-room31_gm_optimized.webp 1008w, http:\/\/vintageroom31.pleximus.in\/wp-content\/uploads\/2025\/12\/Vintage-Zimni-kolekce-damskeho-obleceni-Vintage-room31_gm_optimized-300x225.webp 300w, http:\/\/vintageroom31.pleximus.in\/wp-content\/uploads\/2025\/12\/Vintage-Zimni-kolekce-damskeho-obleceni-Vintage-room31_gm_optimized-768x576.webp 768w\" sizes=\"auto, (max-width: 1008px) 100vw, 1008px\" \/><\/figure>\n\n\n\n<figure class=\"wp-block-image size-large\"><img loading=\"lazy\" decoding=\"async\" width=\"683\" height=\"1024\" data-id=\"498\" src=\"https:\/\/vintageroom31.pleximus.in\/wp-content\/uploads\/2025\/12\/DSF9473-683x1024.webp\" alt=\"\" class=\"wp-image-498\" srcset=\"http:\/\/vintageroom31.pleximus.in\/wp-content\/uploads\/2025\/12\/DSF9473-683x1024.webp 683w, http:\/\/vintageroom31.pleximus.in\/wp-content\/uploads\/2025\/12\/DSF9473-200x300.webp 200w, http:\/\/vintageroom31.pleximus.in\/wp-content\/uploads\/2025\/12\/DSF9473-768x1152.webp 768w, http:\/\/vintageroom31.pleximus.in\/wp-content\/uploads\/2025\/12\/DSF9473-1024x1536.webp 1024w, http:\/\/vintageroom31.pleximus.in\/wp-content\/uploads\/2025\/12\/DSF9473-1365x2048.webp 1365w, http:\/\/vintageroom31.pleximus.in\/wp-content\/uploads\/2025\/12\/DSF9473.webp 1632w\" sizes=\"auto, (max-width: 683px) 100vw, 683px\" \/><\/figure>\n\n\n\n<figure class=\"wp-block-image size-large\"><img loading=\"lazy\" decoding=\"async\" width=\"1008\" height=\"756\" data-id=\"484\" src=\"https:\/\/vintageroom31.pleximus.in\/wp-content\/uploads\/2025\/12\/Stylove-damske-boty-exkluzivni-kolekce-Vintage-Room-31_gm_optimized.webp\" alt=\"\" class=\"wp-image-484\" srcset=\"http:\/\/vintageroom31.pleximus.in\/wp-content\/uploads\/2025\/12\/Stylove-damske-boty-exkluzivni-kolekce-Vintage-Room-31_gm_optimized.webp 1008w, http:\/\/vintageroom31.pleximus.in\/wp-content\/uploads\/2025\/12\/Stylove-damske-boty-exkluzivni-kolekce-Vintage-Room-31_gm_optimized-300x225.webp 300w, http:\/\/vintageroom31.pleximus.in\/wp-content\/uploads\/2025\/12\/Stylove-damske-boty-exkluzivni-kolekce-Vintage-Room-31_gm_optimized-768x576.webp 768w\" sizes=\"auto, (max-width: 1008px) 100vw, 1008px\" \/><\/figure>\n\n\n\n<figure class=\"wp-block-image size-large\"><img loading=\"lazy\" decoding=\"async\" width=\"1008\" height=\"756\" data-id=\"479\" src=\"https:\/\/vintageroom31.pleximus.in\/wp-content\/uploads\/2025\/12\/Prostor-se-saty-a-zrcadlem-Vintage-Room31_gm_optimized.webp\" alt=\"\" class=\"wp-image-479\" srcset=\"http:\/\/vintageroom31.pleximus.in\/wp-content\/uploads\/2025\/12\/Prostor-se-saty-a-zrcadlem-Vintage-Room31_gm_optimized.webp 1008w, http:\/\/vintageroom31.pleximus.in\/wp-content\/uploads\/2025\/12\/Prostor-se-saty-a-zrcadlem-Vintage-Room31_gm_optimized-300x225.webp 300w, http:\/\/vintageroom31.pleximus.in\/wp-content\/uploads\/2025\/12\/Prostor-se-saty-a-zrcadlem-Vintage-Room31_gm_optimized-768x576.webp 768w\" sizes=\"auto, (max-width: 1008px) 100vw, 1008px\" \/><\/figure>\n\n\n\n<figure class=\"wp-block-image size-large\"><img loading=\"lazy\" decoding=\"async\" width=\"1008\" height=\"756\" data-id=\"464\" src=\"https:\/\/vintageroom31.pleximus.in\/wp-content\/uploads\/2025\/12\/Designove-kabelky-v-prvni-casti-obchodu-timeless-vintage-tasky-_gm_optimized.webp\" alt=\"\" class=\"wp-image-464\" srcset=\"http:\/\/vintageroom31.pleximus.in\/wp-content\/uploads\/2025\/12\/Designove-kabelky-v-prvni-casti-obchodu-timeless-vintage-tasky-_gm_optimized.webp 1008w, http:\/\/vintageroom31.pleximus.in\/wp-content\/uploads\/2025\/12\/Designove-kabelky-v-prvni-casti-obchodu-timeless-vintage-tasky-_gm_optimized-300x225.webp 300w, http:\/\/vintageroom31.pleximus.in\/wp-content\/uploads\/2025\/12\/Designove-kabelky-v-prvni-casti-obchodu-timeless-vintage-tasky-_gm_optimized-768x576.webp 768w\" sizes=\"auto, (max-width: 1008px) 100vw, 1008px\" \/><\/figure>\n\n\n\n<figure class=\"wp-block-image size-large\"><img loading=\"lazy\" decoding=\"async\" width=\"1008\" height=\"756\" data-id=\"466\" src=\"https:\/\/vintageroom31.pleximus.in\/wp-content\/uploads\/2025\/12\/Exkluzivni-kolekce-kozenych-kabatu-Vintage-Room-31_gm_optimized.webp\" alt=\"\" class=\"wp-image-466\" srcset=\"http:\/\/vintageroom31.pleximus.in\/wp-content\/uploads\/2025\/12\/Exkluzivni-kolekce-kozenych-kabatu-Vintage-Room-31_gm_optimized.webp 1008w, http:\/\/vintageroom31.pleximus.in\/wp-content\/uploads\/2025\/12\/Exkluzivni-kolekce-kozenych-kabatu-Vintage-Room-31_gm_optimized-300x225.webp 300w, http:\/\/vintageroom31.pleximus.in\/wp-content\/uploads\/2025\/12\/Exkluzivni-kolekce-kozenych-kabatu-Vintage-Room-31_gm_optimized-768x576.webp 768w\" sizes=\"auto, (max-width: 1008px) 100vw, 1008px\" \/><\/figure>\n\n\n\n<figure class=\"wp-block-image size-large\"><img loading=\"lazy\" decoding=\"async\" width=\"688\" height=\"1024\" data-id=\"499\" src=\"https:\/\/vintageroom31.pleximus.in\/wp-content\/uploads\/2025\/12\/DSC_1400.webp\" alt=\"\" class=\"wp-image-499\" srcset=\"http:\/\/vintageroom31.pleximus.in\/wp-content\/uploads\/2025\/12\/DSC_1400.webp 688w, http:\/\/vintageroom31.pleximus.in\/wp-content\/uploads\/2025\/12\/DSC_1400-202x300.webp 202w\" sizes=\"auto, (max-width: 688px) 100vw, 688px\" \/><\/figure>\n\n\n\n<figure class=\"wp-block-image size-large\"><img loading=\"lazy\" decoding=\"async\" width=\"1008\" height=\"756\" data-id=\"491\" src=\"https:\/\/vintageroom31.pleximus.in\/wp-content\/uploads\/2025\/12\/Vyrazny-damsky-kozeny-kousek-cervena-bunda-Vintage-Room-31_gm_optimized.webp\" alt=\"\" class=\"wp-image-491\" srcset=\"http:\/\/vintageroom31.pleximus.in\/wp-content\/uploads\/2025\/12\/Vyrazny-damsky-kozeny-kousek-cervena-bunda-Vintage-Room-31_gm_optimized.webp 1008w, http:\/\/vintageroom31.pleximus.in\/wp-content\/uploads\/2025\/12\/Vyrazny-damsky-kozeny-kousek-cervena-bunda-Vintage-Room-31_gm_optimized-300x225.webp 300w, http:\/\/vintageroom31.pleximus.in\/wp-content\/uploads\/2025\/12\/Vyrazny-damsky-kozeny-kousek-cervena-bunda-Vintage-Room-31_gm_optimized-768x576.webp 768w\" sizes=\"auto, (max-width: 1008px) 100vw, 1008px\" \/><\/figure>\n\n\n\n<figure class=\"wp-block-image size-large\"><img loading=\"lazy\" decoding=\"async\" width=\"1008\" height=\"756\" data-id=\"463\" src=\"https:\/\/vintageroom31.pleximus.in\/wp-content\/uploads\/2025\/12\/Bocni-cast-vylohy-Vintage-Room-31_gm_optimized.webp\" alt=\"\" class=\"wp-image-463\" srcset=\"http:\/\/vintageroom31.pleximus.in\/wp-content\/uploads\/2025\/12\/Bocni-cast-vylohy-Vintage-Room-31_gm_optimized.webp 1008w, http:\/\/vintageroom31.pleximus.in\/wp-content\/uploads\/2025\/12\/Bocni-cast-vylohy-Vintage-Room-31_gm_optimized-300x225.webp 300w, http:\/\/vintageroom31.pleximus.in\/wp-content\/uploads\/2025\/12\/Bocni-cast-vylohy-Vintage-Room-31_gm_optimized-768x576.webp 768w\" sizes=\"auto, (max-width: 1008px) 100vw, 1008px\" \/><\/figure>\n\n\n\n<figure class=\"wp-block-image size-large\"><img loading=\"lazy\" decoding=\"async\" width=\"576\" height=\"1024\" data-id=\"495\" src=\"https:\/\/vintageroom31.pleximus.in\/wp-content\/uploads\/2025\/12\/DSF1245-576x1024.webp\" alt=\"\" class=\"wp-image-495\" srcset=\"http:\/\/vintageroom31.pleximus.in\/wp-content\/uploads\/2025\/12\/DSF1245-576x1024.webp 576w, http:\/\/vintageroom31.pleximus.in\/wp-content\/uploads\/2025\/12\/DSF1245-169x300.webp 169w, http:\/\/vintageroom31.pleximus.in\/wp-content\/uploads\/2025\/12\/DSF1245-768x1365.webp 768w, http:\/\/vintageroom31.pleximus.in\/wp-content\/uploads\/2025\/12\/DSF1245-864x1536.webp 864w, http:\/\/vintageroom31.pleximus.in\/wp-content\/uploads\/2025\/12\/DSF1245.webp 972w\" sizes=\"auto, (max-width: 576px) 100vw, 576px\" \/><\/figure>\n<\/figure>\n<\/div><\/div>\n\n<div class=\"wp-block-uagb-container uagb-block-073facf8 alignfull uagb-is-root-container\"><div class=\"uagb-container-inner-blocks-wrap\">\n<div class=\"wp-block-uagb-advanced-heading uagb-block-b15bef73\"><h1 class=\"uagb-heading-text\">Moda con longevit\u00e0 <br\/>e significato<a href=\"https:\/\/vintageroom31.pleximus.in\/index\/#\"><\/a><\/h1><\/div>\n\n\n\n<div class=\"wp-block-uagb-buttons uagb-buttons__outer-wrap uagb-btn__default-btn uagb-btn-tablet__default-btn uagb-btn-mobile__default-btn uagb-block-b42f2b74\"><div class=\"uagb-buttons__wrap uagb-buttons-layout-wrap \">\n<div class=\"wp-block-uagb-buttons-child uagb-buttons__outer-wrap uagb-block-423d95f7 wp-block-button\"><div class=\"uagb-button__wrapper\"><a class=\"uagb-buttons-repeater wp-block-button__link\" aria-label=\"\" href=\"https:\/\/www.instagram.com\/vintageroom31\/\" rel=\"follow noopener\" target=\"_blank\" role=\"button\"><div class=\"uagb-button__link\">Segui su Instagram<\/div><span class=\"uagb-button__icon uagb-button__icon-position-after\"><svg xmlns=\"https:\/\/www.w3.org\/2000\/svg\" viewbox=\"0 0 448 512\" aria-hidden=\"true\" focussable=\"false\"><path d=\"M438.6 278.6l-160 160C272.4 444.9 264.2 448 256 448s-16.38-3.125-22.62-9.375c-12.5-12.5-12.5-32.75 0-45.25L338.8 288H32C14.33 288 .0016 273.7 .0016 256S14.33 224 32 224h306.8l-105.4-105.4c-12.5-12.5-12.5-32.75 0-45.25s32.75-12.5 45.25 0l160 160C451.1 245.9 451.1 266.1 438.6 278.6z\"><\/path><\/svg><\/span><\/a><\/div><\/div>\n<\/div><\/div>\n<\/div><\/div>\n\n<p><\/p>\n","protected":false},"excerpt":{"rendered":"<p>INFORMAZIONI SU VINTAGE ROOM 31 La filosofia della moda consapevole Vintage Room 31 si impegna a favore della slow fashion. [&hellip;]<\/p>\n","protected":false},"author":1,"featured_media":0,"parent":0,"menu_order":0,"comment_status":"closed","ping_status":"closed","template":"","meta":{"_uag_custom_page_level_css":"","site-sidebar-layout":"default","site-content-layout":"","ast-site-content-layout":"default","site-content-style":"default","site-sidebar-style":"default","ast-global-header-display":"","ast-banner-title-visibility":"","ast-main-header-display":"","ast-hfb-above-header-display":"","ast-hfb-below-header-display":"","ast-hfb-mobile-header-display":"","site-post-title":"disabled","ast-breadcrumbs-content":"","ast-featured-img":"","footer-sml-layout":"","theme-transparent-header-meta":"","adv-header-id-meta":"","stick-header-meta":"","header-above-stick-meta":"","header-main-stick-meta":"","header-below-stick-meta":"","astra-migrate-meta-layouts":"default","ast-page-background-enabled":"default","ast-page-background-meta":{"desktop":{"background-color":"var(--ast-global-color-5)","background-image":"","background-repeat":"repeat","background-position":"center center","background-size":"auto","background-attachment":"scroll","background-type":"","background-media":"","overlay-type":"","overlay-color":"","overlay-opacity":"","overlay-gradient":""},"tablet":{"background-color":"","background-image":"","background-repeat":"repeat","background-position":"center center","background-size":"auto","background-attachment":"scroll","background-type":"","background-media":"","overlay-type":"","overlay-color":"","overlay-opacity":"","overlay-gradient":""},"mobile":{"background-color":"","background-image":"","background-repeat":"repeat","background-position":"center center","background-size":"auto","background-attachment":"scroll","background-type":"","background-media":"","overlay-type":"","overlay-color":"","overlay-opacity":"","overlay-gradient":""}},"ast-content-background-meta":{"desktop":{"background-color":"var(--ast-global-color-4)","background-image":"","background-repeat":"repeat","background-position":"center center","background-size":"auto","background-attachment":"scroll","background-type":"","background-media":"","overlay-type":"","overlay-color":"","overlay-opacity":"","overlay-gradient":""},"tablet":{"background-color":"var(--ast-global-color-4)","background-image":"","background-repeat":"repeat","background-position":"center center","background-size":"auto","background-attachment":"scroll","background-type":"","background-media":"","overlay-type":"","overlay-color":"","overlay-opacity":"","overlay-gradient":""},"mobile":{"background-color":"var(--ast-global-color-4)","background-image":"","background-repeat":"repeat","background-position":"center center","background-size":"auto","background-attachment":"scroll","background-type":"","background-media":"","overlay-type":"","overlay-color":"","overlay-opacity":"","overlay-gradient":""}},"footnotes":""},"class_list":["post-962","page","type-page","status-publish","hentry"],"uagb_featured_image_src":{"full":false,"thumbnail":false,"medium":false,"medium_large":false,"large":false,"1536x1536":false,"2048x2048":false},"uagb_author_info":{"display_name":"admin","author_link":"http:\/\/vintageroom31.pleximus.in\/it\/author\/admin\/"},"uagb_comment_info":0,"uagb_excerpt":"INFORMAZIONI SU VINTAGE ROOM 31 La filosofia della moda consapevole Vintage Room 31 si impegna a favore della slow fashion. [&hellip;]","_links":{"self":[{"href":"http:\/\/vintageroom31.pleximus.in\/it\/wp-json\/wp\/v2\/pages\/962","targetHints":{"allow":["GET"]}}],"collection":[{"href":"http:\/\/vintageroom31.pleximus.in\/it\/wp-json\/wp\/v2\/pages"}],"about":[{"href":"http:\/\/vintageroom31.pleximus.in\/it\/wp-json\/wp\/v2\/types\/page"}],"author":[{"embeddable":true,"href":"http:\/\/vintageroom31.pleximus.in\/it\/wp-json\/wp\/v2\/users\/1"}],"replies":[{"embeddable":true,"href":"http:\/\/vintageroom31.pleximus.in\/it\/wp-json\/wp\/v2\/comments?post=962"}],"version-history":[{"count":1,"href":"http:\/\/vintageroom31.pleximus.in\/it\/wp-json\/wp\/v2\/pages\/962\/revisions"}],"predecessor-version":[{"id":963,"href":"http:\/\/vintageroom31.pleximus.in\/it\/wp-json\/wp\/v2\/pages\/962\/revisions\/963"}],"wp:attachment":[{"href":"http:\/\/vintageroom31.pleximus.in\/it\/wp-json\/wp\/v2\/media?parent=962"}],"curies":[{"name":"wp","href":"https:\/\/api.w.org\/{rel}","templated":true}]}}