{"id":975,"date":"2026-01-31T09:35:06","date_gmt":"2026-01-31T09:35:06","guid":{"rendered":"https:\/\/vintageroom31.pleximus.in\/was-sie-finden-werden\/"},"modified":"2026-01-31T10:59:24","modified_gmt":"2026-01-31T10:59:24","slug":"was-sie-finden-werden","status":"publish","type":"page","link":"http:\/\/vintageroom31.pleximus.in\/de\/was-sie-finden-werden\/","title":{"rendered":"Was Sie finden werden"},"content":{"rendered":"\n<div class=\"wp-block-uagb-container uagb-block-2bbbfa6d alignfull uagb-is-root-container\"><div class=\"uagb-container-inner-blocks-wrap\">\n<div class=\"wp-block-uagb-advanced-heading uagb-block-e81d0705\"><h1 class=\"uagb-heading-text\">Was du finden wirst<\/h1><\/div>\n<\/div><\/div>\n\n<div class=\"wp-block-uagb-container uagb-block-1f7cbc6a alignfull uagb-is-root-container\"><\/div>\n\n<div class=\"wp-block-uagb-container uagb-block-90b64de1 alignfull uagb-is-root-container\"><div class=\"uagb-container-inner-blocks-wrap\">\n<div class=\"wp-block-uagb-container uagb-layout-flex uagb-block-3f4334ac\">\n<div class=\"wp-block-uagb-advanced-heading uagb-block-26eebbcd\"><h2 class=\"uagb-heading-text\">Ausgew\u00e4hlte Kollektion<\/h2><\/div>\n\n\n\n<div class=\"wp-block-uagb-advanced-heading uagb-block-755a1f28\"><p class=\"uagb-heading-text\">Vintage Room 31 bietet eine sorgf\u00e4ltig ausgew\u00e4hlte Auswahl an Damen- und Herrenbekleidung, Lederjacken und Accessoires. Jedes St\u00fcck wird pers\u00f6nlich ausgew\u00e4hlt, wobei der Fokus auf Qualit\u00e4t, Passform und zeitlosem Design liegt. So entsteht eine Kollektion, die durchdacht, edel und langlebig ist. <\/p><\/div>\n<\/div>\n<\/div><\/div>\n\n<div class=\"wp-block-uagb-container uagb-block-7bb1fdd6 alignfull uagb-is-root-container\"><div class=\"uagb-container-inner-blocks-wrap\">\n<div class=\"wp-block-uagb-container uagb-block-89623711\">\n<div class=\"wp-block-uagb-container uagb-block-b0722b54\">\n<div class=\"wp-block-uagb-advanced-heading uagb-block-66ebd0f1\"><h2 class=\"uagb-heading-text\">Damenbekleidung<\/h2><\/div>\n\n\n\n<div class=\"wp-block-uagb-advanced-heading uagb-block-84d8a479\"><p class=\"uagb-heading-text\">Die Damenkollektion zeichnet sich durch elegante Silhouetten, hochwertige Materialien und moderne Schneiderei aus. Jedes St\u00fcck soll sich m\u00fchelos und dennoch elegant anf\u00fchlen, sodass es problemlos zwischen Alltagskleidung und gehobeneren Anl\u00e4ssen wechseln kann. <br\/><\/p><\/div>\n\n\n\n<div class=\"wp-block-uagb-image uagb-block-941ae80f wp-block-uagb-image--layout-default wp-block-uagb-image--effect-static wp-block-uagb-image--align-none\"><figure class=\"wp-block-uagb-image__figure\"><img decoding=\"async\" srcset=\"http:\/\/vintageroom31.pleximus.in\/wp-content\/uploads\/2025\/12\/Zkusebni-kabinka-Vintage-Room-31_gm_optimized.webp ,http:\/\/vintageroom31.pleximus.in\/wp-content\/uploads\/2025\/12\/Zkusebni-kabinka-Vintage-Room-31_gm_optimized.webp 780w, http:\/\/vintageroom31.pleximus.in\/wp-content\/uploads\/2025\/12\/Zkusebni-kabinka-Vintage-Room-31_gm_optimized.webp 360w\" sizes=\"auto, (max-width: 480px) 150px\" src=\"http:\/\/vintageroom31.pleximus.in\/wp-content\/uploads\/2025\/12\/Zkusebni-kabinka-Vintage-Room-31_gm_optimized.webp\" alt=\"\" class=\"uag-image-492\" width=\"1008\" height=\"756\" title=\"Umkleidekabine, Vintage Room 31_gm_optimized\" loading=\"lazy\" role=\"img\"><\/figure><\/div>\n<\/div>\n<\/div>\n\n\n\n<div class=\"wp-block-uagb-container uagb-block-a6e8ebd6\">\n<div class=\"wp-block-uagb-container uagb-block-3c1dab0a\">\n<div class=\"wp-block-uagb-image uagb-block-af14805d wp-block-uagb-image--layout-default wp-block-uagb-image--effect-static wp-block-uagb-image--align-none\"><figure class=\"wp-block-uagb-image__figure\"><img decoding=\"async\" srcset=\"http:\/\/vintageroom31.pleximus.in\/wp-content\/uploads\/2025\/12\/Unikatni-vintage-kousek-z-Upcycled-kolekce-Vintage-Room-31_gm_optimized.webp ,http:\/\/vintageroom31.pleximus.in\/wp-content\/uploads\/2025\/12\/Unikatni-vintage-kousek-z-Upcycled-kolekce-Vintage-Room-31_gm_optimized.webp 780w, http:\/\/vintageroom31.pleximus.in\/wp-content\/uploads\/2025\/12\/Unikatni-vintage-kousek-z-Upcycled-kolekce-Vintage-Room-31_gm_optimized.webp 360w\" sizes=\"auto, (max-width: 480px) 150px\" src=\"http:\/\/vintageroom31.pleximus.in\/wp-content\/uploads\/2025\/12\/Unikatni-vintage-kousek-z-Upcycled-kolekce-Vintage-Room-31_gm_optimized.webp\" alt=\"\" class=\"uag-image-486\" width=\"1008\" height=\"756\" title=\"Einzigartiges Vintage-St\u00fcck aus der Upcycled-Kollektion, Vintage Room 31_gm_optimized\" loading=\"lazy\" role=\"img\"><\/figure><\/div>\n\n\n\n<div class=\"wp-block-uagb-advanced-heading uagb-block-18264e24\"><p class=\"uagb-heading-text\">Es wird auf Proportionen, Komfort und subtile Details geachtet, um sicherzustellen, dass jedes Kleidungsst\u00fcck die moderne Garderobe erg\u00e4nzt. Das Ergebnis ist eine Kollektion, die sich zeitgem\u00e4\u00df anf\u00fchlt, ohne von Trends getrieben zu sein, und St\u00fccke bietet, die Saison f\u00fcr Saison relevant bleiben.<\/p><\/div>\n<\/div>\n<\/div>\n<\/div><\/div>\n\n<div class=\"wp-block-uagb-container uagb-block-6b263830 alignfull uagb-is-root-container\"><div class=\"uagb-container-inner-blocks-wrap\">\n<div class=\"wp-block-uagb-container uagb-block-24ca274e\">\n<div class=\"wp-block-uagb-container uagb-block-14974f90\">\n<div class=\"wp-block-uagb-advanced-heading uagb-block-480cdcf8\"><h2 class=\"uagb-heading-text\">Herrenmode<\/h2><\/div>\n\n\n\n<div class=\"wp-block-uagb-advanced-heading uagb-block-42aa01a7\"><p class=\"uagb-heading-text\">Die Damenkollektion zeichnet sich durch elegante Silhouetten, hochwertige Materialien und moderne Schneiderei aus. Jedes St\u00fcck soll sich m\u00fchelos und dennoch elegant anf\u00fchlen, sodass es problemlos zwischen Alltagskleidung und gehobeneren Anl\u00e4ssen wechseln kann. <br\/><\/p><\/div>\n\n\n\n<div class=\"wp-block-uagb-image uagb-block-785bab46 wp-block-uagb-image--layout-default wp-block-uagb-image--effect-static wp-block-uagb-image--align-none\"><figure class=\"wp-block-uagb-image__figure\"><img decoding=\"async\" srcset=\"http:\/\/vintageroom31.pleximus.in\/wp-content\/uploads\/2025\/12\/pexels-arina-krasnikova-5418927-1024x684.avif ,http:\/\/vintageroom31.pleximus.in\/wp-content\/uploads\/2025\/12\/pexels-arina-krasnikova-5418927.avif 780w, http:\/\/vintageroom31.pleximus.in\/wp-content\/uploads\/2025\/12\/pexels-arina-krasnikova-5418927.avif 360w\" sizes=\"auto, (max-width: 480px) 150px\" src=\"http:\/\/vintageroom31.pleximus.in\/wp-content\/uploads\/2025\/12\/pexels-arina-krasnikova-5418927-1024x684.avif\" alt=\"\" class=\"uag-image-427\" width=\"1024\" height=\"684\" title=\"pexels-arina-krasnikova-5418927\" loading=\"lazy\" role=\"img\"><\/figure><\/div>\n<\/div>\n<\/div>\n\n\n\n<div class=\"wp-block-uagb-container uagb-block-17354188\">\n<div class=\"wp-block-uagb-container uagb-block-816d3a6e\">\n<div class=\"wp-block-uagb-image uagb-block-f0076ff7 wp-block-uagb-image--layout-default wp-block-uagb-image--effect-static wp-block-uagb-image--align-none\"><figure class=\"wp-block-uagb-image__figure\"><img decoding=\"async\" srcset=\"http:\/\/vintageroom31.pleximus.in\/wp-content\/uploads\/2025\/12\/Vintage-panska-kolekce-unikatniho-obleceni-Lidicka-31_gm_optimized.webp ,http:\/\/vintageroom31.pleximus.in\/wp-content\/uploads\/2025\/12\/Vintage-panska-kolekce-unikatniho-obleceni-Lidicka-31_gm_optimized.webp 780w, http:\/\/vintageroom31.pleximus.in\/wp-content\/uploads\/2025\/12\/Vintage-panska-kolekce-unikatniho-obleceni-Lidicka-31_gm_optimized.webp 360w\" sizes=\"auto, (max-width: 480px) 150px\" src=\"http:\/\/vintageroom31.pleximus.in\/wp-content\/uploads\/2025\/12\/Vintage-panska-kolekce-unikatniho-obleceni-Lidicka-31_gm_optimized.webp\" alt=\"\" class=\"uag-image-488\" width=\"1008\" height=\"756\" title=\"Vintage-Herrenkollektion einzigartiger Kleidung, Lidick\u00e1 31_gm_optimized\" loading=\"lazy\" role=\"img\"><\/figure><\/div>\n\n\n\n<div class=\"wp-block-uagb-advanced-heading uagb-block-dea9fd8c\"><p class=\"uagb-heading-text\">Es wird auf Proportionen, Komfort und subtile Details geachtet, um sicherzustellen, dass jedes Kleidungsst\u00fcck die moderne Garderobe erg\u00e4nzt. Das Ergebnis ist eine Kollektion, die sich zeitgem\u00e4\u00df anf\u00fchlt, ohne von Trends getrieben zu sein, und St\u00fccke bietet, die Saison f\u00fcr Saison relevant bleiben.<\/p><\/div>\n<\/div>\n<\/div>\n<\/div><\/div>\n\n<div class=\"wp-block-uagb-container uagb-block-13edb73f alignfull uagb-is-root-container\"><div class=\"uagb-container-inner-blocks-wrap\">\n<div class=\"wp-block-uagb-container uagb-block-0ca68d4e\">\n<div class=\"wp-block-uagb-container uagb-block-02f4cf75\">\n<div class=\"wp-block-uagb-advanced-heading uagb-block-c56ea459\"><h2 class=\"uagb-heading-text\">Herrenmode<\/h2><\/div>\n\n\n\n<div class=\"wp-block-uagb-advanced-heading uagb-block-28c6927f\"><p class=\"uagb-heading-text\">Die Damenkollektion zeichnet sich durch elegante Silhouetten, hochwertige Materialien und moderne Schneiderei aus. Jedes St\u00fcck soll sich m\u00fchelos und dennoch elegant anf\u00fchlen, sodass es problemlos zwischen Alltagskleidung und gehobeneren Anl\u00e4ssen wechseln kann. <br\/><\/p><\/div>\n\n\n\n<div class=\"wp-block-uagb-image uagb-block-49977ee9 wp-block-uagb-image--layout-default wp-block-uagb-image--effect-static wp-block-uagb-image--align-none\"><figure class=\"wp-block-uagb-image__figure\"><img decoding=\"async\" srcset=\"http:\/\/vintageroom31.pleximus.in\/wp-content\/uploads\/2025\/12\/pexels-arina-krasnikova-5418927-1024x684.avif ,http:\/\/vintageroom31.pleximus.in\/wp-content\/uploads\/2025\/12\/pexels-arina-krasnikova-5418927.avif 780w, http:\/\/vintageroom31.pleximus.in\/wp-content\/uploads\/2025\/12\/pexels-arina-krasnikova-5418927.avif 360w\" sizes=\"auto, (max-width: 480px) 150px\" src=\"http:\/\/vintageroom31.pleximus.in\/wp-content\/uploads\/2025\/12\/pexels-arina-krasnikova-5418927-1024x684.avif\" alt=\"\" class=\"uag-image-427\" width=\"1024\" height=\"684\" title=\"pexels-arina-krasnikova-5418927\" loading=\"lazy\" role=\"img\"><\/figure><\/div>\n<\/div>\n<\/div>\n\n\n\n<div class=\"wp-block-uagb-container uagb-block-38a95176\">\n<div class=\"wp-block-uagb-container uagb-block-d6e5d14c\">\n<div class=\"wp-block-uagb-image uagb-block-0656d08f wp-block-uagb-image--layout-default wp-block-uagb-image--effect-static wp-block-uagb-image--align-none\"><figure class=\"wp-block-uagb-image__figure\"><img decoding=\"async\" srcset=\"http:\/\/vintageroom31.pleximus.in\/wp-content\/uploads\/2025\/12\/Vintage-panska-kolekce-unikatniho-obleceni-Lidicka-31_gm_optimized.webp ,http:\/\/vintageroom31.pleximus.in\/wp-content\/uploads\/2025\/12\/Vintage-panska-kolekce-unikatniho-obleceni-Lidicka-31_gm_optimized.webp 780w, http:\/\/vintageroom31.pleximus.in\/wp-content\/uploads\/2025\/12\/Vintage-panska-kolekce-unikatniho-obleceni-Lidicka-31_gm_optimized.webp 360w\" sizes=\"auto, (max-width: 480px) 150px\" src=\"http:\/\/vintageroom31.pleximus.in\/wp-content\/uploads\/2025\/12\/Vintage-panska-kolekce-unikatniho-obleceni-Lidicka-31_gm_optimized.webp\" alt=\"\" class=\"uag-image-488\" width=\"1008\" height=\"756\" title=\"Vintage-Herrenkollektion einzigartiger Kleidung, Lidick\u00e1 31_gm_optimized\" loading=\"lazy\" role=\"img\"><\/figure><\/div>\n\n\n\n<div class=\"wp-block-uagb-advanced-heading uagb-block-72b7c945\"><p class=\"uagb-heading-text\">Es wird auf Proportionen, Komfort und subtile Details geachtet, um sicherzustellen, dass jedes Kleidungsst\u00fcck die moderne Garderobe erg\u00e4nzt. Das Ergebnis ist eine Kollektion, die sich zeitgem\u00e4\u00df anf\u00fchlt, ohne von Trends getrieben zu sein, und St\u00fccke bietet, die Saison f\u00fcr Saison relevant bleiben.<\/p><\/div>\n<\/div>\n<\/div>\n<\/div><\/div>\n\n<p><\/p>\n","protected":false},"excerpt":{"rendered":"<p>Was du finden wirst Ausgew\u00e4hlte Kollektion Vintage Room 31 bietet eine sorgf\u00e4ltig ausgew\u00e4hlte Auswahl an Damen- und Herrenbekleidung, Lederjacken und [&hellip;]<\/p>\n","protected":false},"author":1,"featured_media":0,"parent":0,"menu_order":0,"comment_status":"closed","ping_status":"closed","template":"","meta":{"_uag_custom_page_level_css":"","site-sidebar-layout":"default","site-content-layout":"","ast-site-content-layout":"default","site-content-style":"default","site-sidebar-style":"default","ast-global-header-display":"","ast-banner-title-visibility":"","ast-main-header-display":"","ast-hfb-above-header-display":"","ast-hfb-below-header-display":"","ast-hfb-mobile-header-display":"","site-post-title":"disabled","ast-breadcrumbs-content":"","ast-featured-img":"","footer-sml-layout":"","theme-transparent-header-meta":"","adv-header-id-meta":"","stick-header-meta":"","header-above-stick-meta":"","header-main-stick-meta":"","header-below-stick-meta":"","astra-migrate-meta-layouts":"default","ast-page-background-enabled":"default","ast-page-background-meta":{"desktop":{"background-color":"var(--ast-global-color-5)","background-image":"","background-repeat":"repeat","background-position":"center center","background-size":"auto","background-attachment":"scroll","background-type":"","background-media":"","overlay-type":"","overlay-color":"","overlay-opacity":"","overlay-gradient":""},"tablet":{"background-color":"","background-image":"","background-repeat":"repeat","background-position":"center center","background-size":"auto","background-attachment":"scroll","background-type":"","background-media":"","overlay-type":"","overlay-color":"","overlay-opacity":"","overlay-gradient":""},"mobile":{"background-color":"","background-image":"","background-repeat":"repeat","background-position":"center center","background-size":"auto","background-attachment":"scroll","background-type":"","background-media":"","overlay-type":"","overlay-color":"","overlay-opacity":"","overlay-gradient":""}},"ast-content-background-meta":{"desktop":{"background-color":"var(--ast-global-color-4)","background-image":"","background-repeat":"repeat","background-position":"center center","background-size":"auto","background-attachment":"scroll","background-type":"","background-media":"","overlay-type":"","overlay-color":"","overlay-opacity":"","overlay-gradient":""},"tablet":{"background-color":"var(--ast-global-color-4)","background-image":"","background-repeat":"repeat","background-position":"center center","background-size":"auto","background-attachment":"scroll","background-type":"","background-media":"","overlay-type":"","overlay-color":"","overlay-opacity":"","overlay-gradient":""},"mobile":{"background-color":"var(--ast-global-color-4)","background-image":"","background-repeat":"repeat","background-position":"center center","background-size":"auto","background-attachment":"scroll","background-type":"","background-media":"","overlay-type":"","overlay-color":"","overlay-opacity":"","overlay-gradient":""}},"footnotes":""},"class_list":["post-975","page","type-page","status-publish","hentry"],"uagb_featured_image_src":{"full":false,"thumbnail":false,"medium":false,"medium_large":false,"large":false,"1536x1536":false,"2048x2048":false},"uagb_author_info":{"display_name":"admin","author_link":"http:\/\/vintageroom31.pleximus.in\/de\/author\/admin\/"},"uagb_comment_info":0,"uagb_excerpt":"Was du finden wirst Ausgew\u00e4hlte Kollektion Vintage Room 31 bietet eine sorgf\u00e4ltig ausgew\u00e4hlte Auswahl an Damen- und Herrenbekleidung, Lederjacken und [&hellip;]","_links":{"self":[{"href":"http:\/\/vintageroom31.pleximus.in\/de\/wp-json\/wp\/v2\/pages\/975","targetHints":{"allow":["GET"]}}],"collection":[{"href":"http:\/\/vintageroom31.pleximus.in\/de\/wp-json\/wp\/v2\/pages"}],"about":[{"href":"http:\/\/vintageroom31.pleximus.in\/de\/wp-json\/wp\/v2\/types\/page"}],"author":[{"embeddable":true,"href":"http:\/\/vintageroom31.pleximus.in\/de\/wp-json\/wp\/v2\/users\/1"}],"replies":[{"embeddable":true,"href":"http:\/\/vintageroom31.pleximus.in\/de\/wp-json\/wp\/v2\/comments?post=975"}],"version-history":[{"count":18,"href":"http:\/\/vintageroom31.pleximus.in\/de\/wp-json\/wp\/v2\/pages\/975\/revisions"}],"predecessor-version":[{"id":1042,"href":"http:\/\/vintageroom31.pleximus.in\/de\/wp-json\/wp\/v2\/pages\/975\/revisions\/1042"}],"wp:attachment":[{"href":"http:\/\/vintageroom31.pleximus.in\/de\/wp-json\/wp\/v2\/media?parent=975"}],"curies":[{"name":"wp","href":"https:\/\/api.w.org\/{rel}","templated":true}]}}