{"id":822,"date":"2025-12-27T13:07:38","date_gmt":"2025-12-27T13:07:38","guid":{"rendered":"https:\/\/vintageroom31.pleximus.in\/index-3\/"},"modified":"2026-02-21T01:50:11","modified_gmt":"2026-02-21T01:50:11","slug":"home-vintage-room-31","status":"publish","type":"page","link":"http:\/\/vintageroom31.pleximus.in\/de\/","title":{"rendered":"Index 3"},"content":{"rendered":"\n<div class=\"wp-block-uagb-container uagb-block-2b962ab0 alignfull uagb-is-root-container\">\n<div class=\"wp-block-uagb-container uagb-block-4d87f33e\">\n<div class=\"wp-block-uagb-advanced-heading uagb-block-ec5d9486\"><h1 class=\"uagb-heading-text\">Secondhand-<br\/>Boutique<\/h1><\/div>\n<\/div>\n\n\n\n<div class=\"wp-block-uagb-container uagb-block-152653bb alignfull uagb-is-root-container\"><div class=\"uagb-container-inner-blocks-wrap\">\n<div class=\"wp-block-uagb-container uagb-block-faa23c1d\">\n<div class=\"wp-block-uagb-advanced-heading uagb-block-1b0ac2c2\"><h2 class=\"uagb-heading-text\">Die Vision hinter <br\/>Vintage Room 31<\/h2><\/div>\n\n\n\n<div class=\"wp-block-uagb-advanced-heading uagb-block-8801b416\"><p class=\"uagb-heading-text\">Armina Pandeyan ist der kreative Kopf hinter Vintage Room 31. Mit einer tiefen Wertsch\u00e4tzung f\u00fcr Modegeschichte, Stoffqualit\u00e4t und authentisches Design kuratiert sie pers\u00f6nlich jedes St\u00fcck, das in der Boutique erh\u00e4ltlich ist. Ihre Vision wurzelt in Slow Fashion, die Kleidungsst\u00fccke feiert, die eine Geschichte erz\u00e4hlen und \u00fcber Trends hinaus relevant bleiben.  <\/p><\/div>\n\n\n\n<div class=\"wp-block-uagb-buttons uagb-buttons__outer-wrap uagb-btn__default-btn uagb-btn-tablet__default-btn uagb-btn-mobile__default-btn uagb-block-b2880d17\"><div class=\"uagb-buttons__wrap uagb-buttons-layout-wrap \">\n<div class=\"wp-block-uagb-buttons-child uagb-buttons__outer-wrap uagb-block-6ea7b3c4 wp-block-button\"><div class=\"uagb-button__wrapper\"><a class=\"uagb-buttons-repeater wp-block-button__link\" aria-label=\"\" href=\"https:\/\/vintageroom31.pleximus.in\/de\/ueber-uns\/\" rel=\"follow noopener\" target=\"_self\" role=\"button\"><div class=\"uagb-button__link\">Mehr erfahren<\/div><\/a><\/div><\/div>\n<\/div><\/div>\n\n\n\n<div class=\"wp-block-uagb-image uagb-block-2ad8ec70 wp-block-uagb-image--layout-default wp-block-uagb-image--effect-static wp-block-uagb-image--align-none\"><figure class=\"wp-block-uagb-image__figure\"><img decoding=\"async\" srcset=\"http:\/\/vintageroom31.pleximus.in\/wp-content\/uploads\/2025\/12\/Druha-sekce-obchodu-stylove-vintage-kousky-Lidicka-31_gm_optimized.webp ,http:\/\/vintageroom31.pleximus.in\/wp-content\/uploads\/2025\/12\/Druha-sekce-obchodu-stylove-vintage-kousky-Lidicka-31_gm_optimized.webp 780w, http:\/\/vintageroom31.pleximus.in\/wp-content\/uploads\/2025\/12\/Druha-sekce-obchodu-stylove-vintage-kousky-Lidicka-31_gm_optimized.webp 360w\" sizes=\"auto, (max-width: 480px) 150px\" src=\"http:\/\/vintageroom31.pleximus.in\/wp-content\/uploads\/2025\/12\/Druha-sekce-obchodu-stylove-vintage-kousky-Lidicka-31_gm_optimized.webp\" alt=\"\" class=\"uag-image-465\" width=\"1008\" height=\"756\" title=\"Druh\u00e1 sekce obchodu - stylov\u00e9 Vintage kousky, Lidick\u00e1 31_gm_optimized\" loading=\"lazy\" role=\"img\"><\/figure><\/div>\n<\/div>\n\n\n\n<div class=\"wp-block-uagb-container uagb-block-ca308c7b\">\n<figure class=\"wp-block-video\"><video height=\"1280\" style=\"aspect-ratio: 720 \/ 1280;\" width=\"720\" autoplay=\"\" loop=\"\" muted=\"\" preload=\"none\" src=\"https:\/\/vintageroom31.pleximus.in\/wp-content\/uploads\/2025\/12\/Video-74.mp4\" playsinline=\"\"><\/video><\/figure>\n<\/div>\n<\/div><\/div>\n\n\n\n<div class=\"wp-block-uagb-container uagb-block-a435cdab alignfull uagb-is-root-container\"><div class=\"uagb-container-inner-blocks-wrap\">\n<div class=\"wp-block-uagb-advanced-heading uagb-block-948a8d48\"><h1 class=\"uagb-heading-text\">Pers\u00f6nlich <br\/>ausgew\u00e4hlte Mode<a href=\"https:\/\/vintageroom31.pleximus.in\/index\/#\"><\/a><\/h1><\/div>\n\n\n\n<div class=\"wp-block-uagb-buttons uagb-buttons__outer-wrap uagb-btn__default-btn uagb-btn-tablet__default-btn uagb-btn-mobile__default-btn uagb-block-9b85d439\"><div class=\"uagb-buttons__wrap uagb-buttons-layout-wrap \">\n<div class=\"wp-block-uagb-buttons-child uagb-buttons__outer-wrap uagb-block-0a2f6991 wp-block-button\"><div class=\"uagb-button__wrapper\"><a class=\"uagb-buttons-repeater wp-block-button__link\" aria-label=\"\" href=\"https:\/\/vintageroom31.pleximus.in\/de\/kontakt\/\" rel=\"follow noopener\" target=\"_self\" role=\"button\"><div class=\"uagb-button__link\">Besuchen Sie unser Gesch\u00e4ft<\/div><span class=\"uagb-button__icon uagb-button__icon-position-after\"><svg xmlns=\"https:\/\/www.w3.org\/2000\/svg\" viewbox=\"0 0 448 512\" aria-hidden=\"true\" focussable=\"false\"><path d=\"M438.6 278.6l-160 160C272.4 444.9 264.2 448 256 448s-16.38-3.125-22.62-9.375c-12.5-12.5-12.5-32.75 0-45.25L338.8 288H32C14.33 288 .0016 273.7 .0016 256S14.33 224 32 224h306.8l-105.4-105.4c-12.5-12.5-12.5-32.75 0-45.25s32.75-12.5 45.25 0l160 160C451.1 245.9 451.1 266.1 438.6 278.6z\"><\/path><\/svg><\/span><\/a><\/div><\/div>\n<\/div><\/div>\n<\/div><\/div>\n\n\n\n<div class=\"wp-block-uagb-container uag-hide-desktop uag-hide-tab uag-hide-mob uagb-block-c2e8c6e6 alignfull uagb-is-root-container\"><div class=\"uagb-container-inner-blocks-wrap\">\n<div class=\"wp-block-uagb-advanced-heading uagb-block-14e823d5\"><h2 class=\"uagb-heading-text\">Was Sie finden werden<\/h2><\/div>\n\n\n\n<div class=\"wp-block-uagb-container uagb-block-63955568 alignfull uagb-is-root-container\"><div class=\"uagb-container-inner-blocks-wrap\">\n<div class=\"wp-block-uagb-container uagb-block-99a20b72\">\n<div class=\"wp-block-uagb-advanced-heading uagb-block-085ae1e8\"><h3 class=\"uagb-heading-text\">Herren-<br\/>bekleidung<\/h3><\/div>\n<\/div>\n\n\n\n<div class=\"wp-block-uagb-container uagb-block-5870ba65\">\n<div class=\"wp-block-uagb-advanced-heading uagb-block-9a8a0e2e\"><h3 class=\"uagb-heading-text\">Damen-<br\/>bekleidung<\/h3><\/div>\n<\/div>\n\n\n\n<div class=\"wp-block-uagb-container uagb-block-7eb77b43\">\n<div class=\"wp-block-uagb-advanced-heading uagb-block-921bb8c9\"><h3 class=\"uagb-heading-text\">Lederjacken<\/h3><\/div>\n<\/div>\n\n\n\n<div class=\"wp-block-uagb-container uagb-block-288165c8\">\n<div class=\"wp-block-uagb-advanced-heading uagb-block-5e0df31c\"><h3 class=\"uagb-heading-text\">Accessoires<br\/>&amp; Mehr<\/h3><\/div>\n<\/div>\n<\/div><\/div>\n<\/div><\/div>\n<\/div>\n\n<div class=\"wp-block-uagb-container uagb-block-aa7ea68b alignfull uagb-is-root-container\"><div class=\"uagb-container-inner-blocks-wrap\">\n<div class=\"wp-block-uagb-advanced-heading uagb-block-38ae4e16\"><h2 class=\"uagb-heading-text\">Hochwertige Damen- und Herrenbekleidung,<br\/> Lederjacken und zeitlose Modest\u00fccke<br\/><a href=\"https:\/\/vintageroom31.pleximus.in\/index\/#\"><\/a><\/h2><\/div>\n\n\n<p>Instagram feed temporarily unavailable. Visit us on Instagram.<\/p>\n<\/div><\/div>\n\n<div class=\"wp-block-uagb-container uagb-block-073facf8 alignfull uagb-is-root-container\"><div class=\"uagb-container-inner-blocks-wrap\">\n<div class=\"wp-block-uagb-advanced-heading uagb-block-b15bef73\"><h1 class=\"uagb-heading-text\">St\u00fccke, die mit Absicht ausgew\u00e4hlt wurden. Stil mit Seele. <a href=\"https:\/\/vintageroom31.pleximus.in\/index\/#\"><\/a><\/h1><\/div>\n\n\n\n<div class=\"wp-block-uagb-buttons uagb-buttons__outer-wrap uagb-btn__default-btn uagb-btn-tablet__default-btn uagb-btn-mobile__default-btn uagb-block-b42f2b74\"><div class=\"uagb-buttons__wrap uagb-buttons-layout-wrap \">\n<div class=\"wp-block-uagb-buttons-child uagb-buttons__outer-wrap uagb-block-423d95f7 wp-block-button\"><div class=\"uagb-button__wrapper\"><a class=\"uagb-buttons-repeater wp-block-button__link\" aria-label=\"\" href=\"https:\/\/www.instagram.com\/vintageroom31\/\" rel=\"follow noopener\" target=\"_blank\" role=\"button\"><div class=\"uagb-button__link\">Auf Instagram folgen<\/div><span class=\"uagb-button__icon uagb-button__icon-position-after\"><svg xmlns=\"https:\/\/www.w3.org\/2000\/svg\" viewbox=\"0 0 448 512\" aria-hidden=\"true\" focussable=\"false\"><path d=\"M438.6 278.6l-160 160C272.4 444.9 264.2 448 256 448s-16.38-3.125-22.62-9.375c-12.5-12.5-12.5-32.75 0-45.25L338.8 288H32C14.33 288 .0016 273.7 .0016 256S14.33 224 32 224h306.8l-105.4-105.4c-12.5-12.5-12.5-32.75 0-45.25s32.75-12.5 45.25 0l160 160C451.1 245.9 451.1 266.1 438.6 278.6z\"><\/path><\/svg><\/span><\/a><\/div><\/div>\n<\/div><\/div>\n<\/div><\/div>\n\n<div class=\"wp-block-uagb-container uagb-block-250298c7 alignfull uagb-is-root-container\"><div class=\"uagb-container-inner-blocks-wrap\">\n<div class=\"wp-block-uagb-advanced-heading uagb-block-fc65c16c\"><h2 class=\"uagb-heading-text\">Google-Bewertungen<a href=\"https:\/\/vintageroom31.pleximus.in\/index\/#\"><\/a><\/h2><\/div>\n\n\n\n    <div class=\"grp-wrapper\">\n        <div class=\"swiper grp-swiper\">\n            <div class=\"swiper-wrapper\">\n\n                \n            <\/div>\n        <\/div>\n    <\/div>\n\n    \n<\/div><\/div>\n","protected":false},"excerpt":{"rendered":"<p>Secondhand-Boutique Die Vision hinter Vintage Room 31 Armina Pandeyan ist der kreative Kopf hinter Vintage Room 31. Mit einer tiefen [&hellip;]<\/p>\n","protected":false},"author":1,"featured_media":0,"parent":0,"menu_order":0,"comment_status":"closed","ping_status":"closed","template":"","meta":{"_uag_custom_page_level_css":"","site-sidebar-layout":"default","site-content-layout":"","ast-site-content-layout":"default","site-content-style":"default","site-sidebar-style":"default","ast-global-header-display":"","ast-banner-title-visibility":"","ast-main-header-display":"","ast-hfb-above-header-display":"","ast-hfb-below-header-display":"","ast-hfb-mobile-header-display":"","site-post-title":"disabled","ast-breadcrumbs-content":"","ast-featured-img":"","footer-sml-layout":"","theme-transparent-header-meta":"","adv-header-id-meta":"","stick-header-meta":"","header-above-stick-meta":"","header-main-stick-meta":"","header-below-stick-meta":"","astra-migrate-meta-layouts":"default","ast-page-background-enabled":"default","ast-page-background-meta":{"desktop":{"background-color":"var(--ast-global-color-5)","background-image":"","background-repeat":"repeat","background-position":"center center","background-size":"auto","background-attachment":"scroll","background-type":"","background-media":"","overlay-type":"","overlay-color":"","overlay-opacity":"","overlay-gradient":""},"tablet":{"background-color":"","background-image":"","background-repeat":"repeat","background-position":"center center","background-size":"auto","background-attachment":"scroll","background-type":"","background-media":"","overlay-type":"","overlay-color":"","overlay-opacity":"","overlay-gradient":""},"mobile":{"background-color":"","background-image":"","background-repeat":"repeat","background-position":"center center","background-size":"auto","background-attachment":"scroll","background-type":"","background-media":"","overlay-type":"","overlay-color":"","overlay-opacity":"","overlay-gradient":""}},"ast-content-background-meta":{"desktop":{"background-color":"var(--ast-global-color-4)","background-image":"","background-repeat":"repeat","background-position":"center center","background-size":"auto","background-attachment":"scroll","background-type":"","background-media":"","overlay-type":"","overlay-color":"","overlay-opacity":"","overlay-gradient":""},"tablet":{"background-color":"var(--ast-global-color-4)","background-image":"","background-repeat":"repeat","background-position":"center center","background-size":"auto","background-attachment":"scroll","background-type":"","background-media":"","overlay-type":"","overlay-color":"","overlay-opacity":"","overlay-gradient":""},"mobile":{"background-color":"var(--ast-global-color-4)","background-image":"","background-repeat":"repeat","background-position":"center center","background-size":"auto","background-attachment":"scroll","background-type":"","background-media":"","overlay-type":"","overlay-color":"","overlay-opacity":"","overlay-gradient":""}},"footnotes":""},"class_list":["post-822","page","type-page","status-publish","hentry"],"uagb_featured_image_src":{"full":false,"thumbnail":false,"medium":false,"medium_large":false,"large":false,"1536x1536":false,"2048x2048":false},"uagb_author_info":{"display_name":"admin","author_link":"http:\/\/vintageroom31.pleximus.in\/de\/author\/admin\/"},"uagb_comment_info":0,"uagb_excerpt":"Secondhand-Boutique Die Vision hinter Vintage Room 31 Armina Pandeyan ist der kreative Kopf hinter Vintage Room 31. Mit einer tiefen [&hellip;]","_links":{"self":[{"href":"http:\/\/vintageroom31.pleximus.in\/de\/wp-json\/wp\/v2\/pages\/822","targetHints":{"allow":["GET"]}}],"collection":[{"href":"http:\/\/vintageroom31.pleximus.in\/de\/wp-json\/wp\/v2\/pages"}],"about":[{"href":"http:\/\/vintageroom31.pleximus.in\/de\/wp-json\/wp\/v2\/types\/page"}],"author":[{"embeddable":true,"href":"http:\/\/vintageroom31.pleximus.in\/de\/wp-json\/wp\/v2\/users\/1"}],"replies":[{"embeddable":true,"href":"http:\/\/vintageroom31.pleximus.in\/de\/wp-json\/wp\/v2\/comments?post=822"}],"version-history":[{"count":7,"href":"http:\/\/vintageroom31.pleximus.in\/de\/wp-json\/wp\/v2\/pages\/822\/revisions"}],"predecessor-version":[{"id":1090,"href":"http:\/\/vintageroom31.pleximus.in\/de\/wp-json\/wp\/v2\/pages\/822\/revisions\/1090"}],"wp:attachment":[{"href":"http:\/\/vintageroom31.pleximus.in\/de\/wp-json\/wp\/v2\/media?parent=822"}],"curies":[{"name":"wp","href":"https:\/\/api.w.org\/{rel}","templated":true}]}}