{"id":973,"date":"2026-01-31T09:35:06","date_gmt":"2026-01-31T09:35:06","guid":{"rendered":"https:\/\/vintageroom31.pleximus.in\/co-u-nas-najdete\/"},"modified":"2026-01-31T10:59:24","modified_gmt":"2026-01-31T10:59:24","slug":"co-u-nas-najdete","status":"publish","type":"page","link":"http:\/\/vintageroom31.pleximus.in\/cs\/co-u-nas-najdete\/","title":{"rendered":"Co u n\u00e1s najdete"},"content":{"rendered":"\n<div class=\"wp-block-uagb-container uagb-block-2bbbfa6d alignfull uagb-is-root-container\"><div class=\"uagb-container-inner-blocks-wrap\">\n<div class=\"wp-block-uagb-advanced-heading uagb-block-e81d0705\"><h1 class=\"uagb-heading-text\">Co tu najdete<\/h1><\/div>\n<\/div><\/div>\n\n<div class=\"wp-block-uagb-container uagb-block-1f7cbc6a alignfull uagb-is-root-container\"><\/div>\n\n<div class=\"wp-block-uagb-container uagb-block-90b64de1 alignfull uagb-is-root-container\"><div class=\"uagb-container-inner-blocks-wrap\">\n<div class=\"wp-block-uagb-container uagb-layout-flex uagb-block-3f4334ac\">\n<div class=\"wp-block-uagb-advanced-heading uagb-block-26eebbcd\"><h2 class=\"uagb-heading-text\">Vybran\u00e1 kolekce<\/h2><\/div>\n\n\n\n<div class=\"wp-block-uagb-advanced-heading uagb-block-755a1f28\"><p class=\"uagb-heading-text\">Vintage Room 31 nab\u00edz\u00ed pe\u010dliv\u011b vybran\u00fd sortiment d\u00e1msk\u00e9ho a p\u00e1nsk\u00e9ho oble\u010den\u00ed, ko\u017een\u00fdch bund a dopl\u0148k\u016f. Ka\u017ed\u00fd kousek je osobn\u011b vyb\u00edr\u00e1n s d\u016frazem na kvalitu, st\u0159ih a nad\u010dasov\u00fd design, \u010d\u00edm\u017e vznik\u00e1 kolekce, kter\u00e1 p\u016fsob\u00ed promy\u0161len\u011b, vyt\u0159\u00edben\u011b a trvanliv\u011b. <\/p><\/div>\n<\/div>\n<\/div><\/div>\n\n<div class=\"wp-block-uagb-container uagb-block-7bb1fdd6 alignfull uagb-is-root-container\"><div class=\"uagb-container-inner-blocks-wrap\">\n<div class=\"wp-block-uagb-container uagb-block-89623711\">\n<div class=\"wp-block-uagb-container uagb-block-b0722b54\">\n<div class=\"wp-block-uagb-advanced-heading uagb-block-66ebd0f1\"><h2 class=\"uagb-heading-text\">D\u00e1msk\u00e9 oble\u010den\u00ed<\/h2><\/div>\n\n\n\n<div class=\"wp-block-uagb-advanced-heading uagb-block-84d8a479\"><p class=\"uagb-heading-text\">D\u00e1mskou kolekci definuj\u00ed vyt\u0159\u00edben\u00e9 siluety, pr\u00e9miov\u00e9 materi\u00e1ly a modern\u00ed krej\u010dovstv\u00ed. Ka\u017ed\u00fd kousek je navr\u017een tak, aby p\u016fsobil nenucen\u011b, ale z\u00e1rove\u0148 elegantn\u011b, a umo\u017enil tak snadn\u00fd p\u0159echod mezi ka\u017edodenn\u00edm no\u0161en\u00edm a form\u00e1ln\u011bj\u0161\u00edmi ud\u00e1lostmi. <br\/><\/p><\/div>\n\n\n\n<div class=\"wp-block-uagb-image uagb-block-941ae80f wp-block-uagb-image--layout-default wp-block-uagb-image--effect-static wp-block-uagb-image--align-none\"><figure class=\"wp-block-uagb-image__figure\"><img decoding=\"async\" srcset=\"http:\/\/vintageroom31.pleximus.in\/wp-content\/uploads\/2025\/12\/Zkusebni-kabinka-Vintage-Room-31_gm_optimized.webp ,http:\/\/vintageroom31.pleximus.in\/wp-content\/uploads\/2025\/12\/Zkusebni-kabinka-Vintage-Room-31_gm_optimized.webp 780w, http:\/\/vintageroom31.pleximus.in\/wp-content\/uploads\/2025\/12\/Zkusebni-kabinka-Vintage-Room-31_gm_optimized.webp 360w\" sizes=\"auto, (max-width: 480px) 150px\" src=\"http:\/\/vintageroom31.pleximus.in\/wp-content\/uploads\/2025\/12\/Zkusebni-kabinka-Vintage-Room-31_gm_optimized.webp\" alt=\"\" class=\"uag-image-492\" width=\"1008\" height=\"756\" title=\"Zku\u0161ebn\u00ed kabinka, Vintage Room 31_gm_optimized\" loading=\"lazy\" role=\"img\"><\/figure><\/div>\n<\/div>\n<\/div>\n\n\n\n<div class=\"wp-block-uagb-container uagb-block-a6e8ebd6\">\n<div class=\"wp-block-uagb-container uagb-block-3c1dab0a\">\n<div class=\"wp-block-uagb-image uagb-block-af14805d wp-block-uagb-image--layout-default wp-block-uagb-image--effect-static wp-block-uagb-image--align-none\"><figure class=\"wp-block-uagb-image__figure\"><img decoding=\"async\" srcset=\"http:\/\/vintageroom31.pleximus.in\/wp-content\/uploads\/2025\/12\/Unikatni-vintage-kousek-z-Upcycled-kolekce-Vintage-Room-31_gm_optimized.webp ,http:\/\/vintageroom31.pleximus.in\/wp-content\/uploads\/2025\/12\/Unikatni-vintage-kousek-z-Upcycled-kolekce-Vintage-Room-31_gm_optimized.webp 780w, http:\/\/vintageroom31.pleximus.in\/wp-content\/uploads\/2025\/12\/Unikatni-vintage-kousek-z-Upcycled-kolekce-Vintage-Room-31_gm_optimized.webp 360w\" sizes=\"auto, (max-width: 480px) 150px\" src=\"http:\/\/vintageroom31.pleximus.in\/wp-content\/uploads\/2025\/12\/Unikatni-vintage-kousek-z-Upcycled-kolekce-Vintage-Room-31_gm_optimized.webp\" alt=\"\" class=\"uag-image-486\" width=\"1008\" height=\"756\" title=\"Unik\u00e1tn\u00ed vintage kousek z Upcycled kolekce, Vintage Room 31_gm_optimized\" loading=\"lazy\" role=\"img\"><\/figure><\/div>\n\n\n\n<div class=\"wp-block-uagb-advanced-heading uagb-block-18264e24\"><p class=\"uagb-heading-text\">D\u016fraz je kladen na proporce, pohodl\u00ed a jemn\u00e9 detaily, aby ka\u017ed\u00fd kousek oble\u010den\u00ed dopl\u0148oval sou\u010dasn\u00fd \u0161atn\u00edk. V\u00fdsledkem je kolekce, kter\u00e1 p\u016fsob\u00ed modern\u011b, ale nepodl\u00e9h\u00e1 trend\u016fm a nab\u00edz\u00ed kousky, kter\u00e9 z\u016fst\u00e1vaj\u00ed relevantn\u00ed sez\u00f3nu za sez\u00f3nou.<\/p><\/div>\n<\/div>\n<\/div>\n<\/div><\/div>\n\n<div class=\"wp-block-uagb-container uagb-block-6b263830 alignfull uagb-is-root-container\"><div class=\"uagb-container-inner-blocks-wrap\">\n<div class=\"wp-block-uagb-container uagb-block-24ca274e\">\n<div class=\"wp-block-uagb-container uagb-block-14974f90\">\n<div class=\"wp-block-uagb-advanced-heading uagb-block-480cdcf8\"><h2 class=\"uagb-heading-text\">P\u00e1nsk\u00e9 oble\u010den\u00ed<\/h2><\/div>\n\n\n\n<div class=\"wp-block-uagb-advanced-heading uagb-block-42aa01a7\"><p class=\"uagb-heading-text\">D\u00e1mskou kolekci definuj\u00ed vyt\u0159\u00edben\u00e9 siluety, pr\u00e9miov\u00e9 materi\u00e1ly a modern\u00ed krej\u010dovstv\u00ed. Ka\u017ed\u00fd kousek je navr\u017een tak, aby p\u016fsobil nenucen\u011b, ale z\u00e1rove\u0148 elegantn\u011b, a umo\u017enil tak snadn\u00fd p\u0159echod mezi ka\u017edodenn\u00edm no\u0161en\u00edm a form\u00e1ln\u011bj\u0161\u00edmi ud\u00e1lostmi. <br\/><\/p><\/div>\n\n\n\n<div class=\"wp-block-uagb-image uagb-block-785bab46 wp-block-uagb-image--layout-default wp-block-uagb-image--effect-static wp-block-uagb-image--align-none\"><figure class=\"wp-block-uagb-image__figure\"><img decoding=\"async\" srcset=\"http:\/\/vintageroom31.pleximus.in\/wp-content\/uploads\/2025\/12\/pexels-arina-krasnikova-5418927-1024x684.avif ,http:\/\/vintageroom31.pleximus.in\/wp-content\/uploads\/2025\/12\/pexels-arina-krasnikova-5418927.avif 780w, http:\/\/vintageroom31.pleximus.in\/wp-content\/uploads\/2025\/12\/pexels-arina-krasnikova-5418927.avif 360w\" sizes=\"auto, (max-width: 480px) 150px\" src=\"http:\/\/vintageroom31.pleximus.in\/wp-content\/uploads\/2025\/12\/pexels-arina-krasnikova-5418927-1024x684.avif\" alt=\"\" class=\"uag-image-427\" width=\"1024\" height=\"684\" title=\"pexels-arina-krasnikova-5418927\" loading=\"lazy\" role=\"img\"><\/figure><\/div>\n<\/div>\n<\/div>\n\n\n\n<div class=\"wp-block-uagb-container uagb-block-17354188\">\n<div class=\"wp-block-uagb-container uagb-block-816d3a6e\">\n<div class=\"wp-block-uagb-image uagb-block-f0076ff7 wp-block-uagb-image--layout-default wp-block-uagb-image--effect-static wp-block-uagb-image--align-none\"><figure class=\"wp-block-uagb-image__figure\"><img decoding=\"async\" srcset=\"http:\/\/vintageroom31.pleximus.in\/wp-content\/uploads\/2025\/12\/Vintage-panska-kolekce-unikatniho-obleceni-Lidicka-31_gm_optimized.webp ,http:\/\/vintageroom31.pleximus.in\/wp-content\/uploads\/2025\/12\/Vintage-panska-kolekce-unikatniho-obleceni-Lidicka-31_gm_optimized.webp 780w, http:\/\/vintageroom31.pleximus.in\/wp-content\/uploads\/2025\/12\/Vintage-panska-kolekce-unikatniho-obleceni-Lidicka-31_gm_optimized.webp 360w\" sizes=\"auto, (max-width: 480px) 150px\" src=\"http:\/\/vintageroom31.pleximus.in\/wp-content\/uploads\/2025\/12\/Vintage-panska-kolekce-unikatniho-obleceni-Lidicka-31_gm_optimized.webp\" alt=\"\" class=\"uag-image-488\" width=\"1008\" height=\"756\" title=\"Vintage p\u00e1nsk\u00e1 kolekce unik\u00e1tn\u00edho oble\u010den\u00ed, Lidick\u00e1 31_gm_optimized\" loading=\"lazy\" role=\"img\"><\/figure><\/div>\n\n\n\n<div class=\"wp-block-uagb-advanced-heading uagb-block-dea9fd8c\"><p class=\"uagb-heading-text\">D\u016fraz je kladen na proporce, pohodl\u00ed a jemn\u00e9 detaily, aby ka\u017ed\u00fd kousek oble\u010den\u00ed dopl\u0148oval sou\u010dasn\u00fd \u0161atn\u00edk. V\u00fdsledkem je kolekce, kter\u00e1 p\u016fsob\u00ed modern\u011b, ale nepodl\u00e9h\u00e1 trend\u016fm a nab\u00edz\u00ed kousky, kter\u00e9 z\u016fst\u00e1vaj\u00ed relevantn\u00ed sez\u00f3nu za sez\u00f3nou.<\/p><\/div>\n<\/div>\n<\/div>\n<\/div><\/div>\n\n<div class=\"wp-block-uagb-container uagb-block-13edb73f alignfull uagb-is-root-container\"><div class=\"uagb-container-inner-blocks-wrap\">\n<div class=\"wp-block-uagb-container uagb-block-0ca68d4e\">\n<div class=\"wp-block-uagb-container uagb-block-02f4cf75\">\n<div class=\"wp-block-uagb-advanced-heading uagb-block-c56ea459\"><h2 class=\"uagb-heading-text\">P\u00e1nsk\u00e9 oble\u010den\u00ed<\/h2><\/div>\n\n\n\n<div class=\"wp-block-uagb-advanced-heading uagb-block-28c6927f\"><p class=\"uagb-heading-text\">D\u00e1mskou kolekci definuj\u00ed vyt\u0159\u00edben\u00e9 siluety, pr\u00e9miov\u00e9 materi\u00e1ly a modern\u00ed krej\u010dovstv\u00ed. Ka\u017ed\u00fd kousek je navr\u017een tak, aby p\u016fsobil nenucen\u011b, ale z\u00e1rove\u0148 elegantn\u011b, a umo\u017enil tak snadn\u00fd p\u0159echod mezi ka\u017edodenn\u00edm no\u0161en\u00edm a form\u00e1ln\u011bj\u0161\u00edmi ud\u00e1lostmi. <br\/><\/p><\/div>\n\n\n\n<div class=\"wp-block-uagb-image uagb-block-49977ee9 wp-block-uagb-image--layout-default wp-block-uagb-image--effect-static wp-block-uagb-image--align-none\"><figure class=\"wp-block-uagb-image__figure\"><img decoding=\"async\" srcset=\"http:\/\/vintageroom31.pleximus.in\/wp-content\/uploads\/2025\/12\/pexels-arina-krasnikova-5418927-1024x684.avif ,http:\/\/vintageroom31.pleximus.in\/wp-content\/uploads\/2025\/12\/pexels-arina-krasnikova-5418927.avif 780w, http:\/\/vintageroom31.pleximus.in\/wp-content\/uploads\/2025\/12\/pexels-arina-krasnikova-5418927.avif 360w\" sizes=\"auto, (max-width: 480px) 150px\" src=\"http:\/\/vintageroom31.pleximus.in\/wp-content\/uploads\/2025\/12\/pexels-arina-krasnikova-5418927-1024x684.avif\" alt=\"\" class=\"uag-image-427\" width=\"1024\" height=\"684\" title=\"pexels-arina-krasnikova-5418927\" loading=\"lazy\" role=\"img\"><\/figure><\/div>\n<\/div>\n<\/div>\n\n\n\n<div class=\"wp-block-uagb-container uagb-block-38a95176\">\n<div class=\"wp-block-uagb-container uagb-block-d6e5d14c\">\n<div class=\"wp-block-uagb-image uagb-block-0656d08f wp-block-uagb-image--layout-default wp-block-uagb-image--effect-static wp-block-uagb-image--align-none\"><figure class=\"wp-block-uagb-image__figure\"><img decoding=\"async\" srcset=\"http:\/\/vintageroom31.pleximus.in\/wp-content\/uploads\/2025\/12\/Vintage-panska-kolekce-unikatniho-obleceni-Lidicka-31_gm_optimized.webp ,http:\/\/vintageroom31.pleximus.in\/wp-content\/uploads\/2025\/12\/Vintage-panska-kolekce-unikatniho-obleceni-Lidicka-31_gm_optimized.webp 780w, http:\/\/vintageroom31.pleximus.in\/wp-content\/uploads\/2025\/12\/Vintage-panska-kolekce-unikatniho-obleceni-Lidicka-31_gm_optimized.webp 360w\" sizes=\"auto, (max-width: 480px) 150px\" src=\"http:\/\/vintageroom31.pleximus.in\/wp-content\/uploads\/2025\/12\/Vintage-panska-kolekce-unikatniho-obleceni-Lidicka-31_gm_optimized.webp\" alt=\"\" class=\"uag-image-488\" width=\"1008\" height=\"756\" title=\"Vintage p\u00e1nsk\u00e1 kolekce unik\u00e1tn\u00edho oble\u010den\u00ed, Lidick\u00e1 31_gm_optimized\" loading=\"lazy\" role=\"img\"><\/figure><\/div>\n\n\n\n<div class=\"wp-block-uagb-advanced-heading uagb-block-72b7c945\"><p class=\"uagb-heading-text\">D\u016fraz je kladen na proporce, pohodl\u00ed a jemn\u00e9 detaily, aby ka\u017ed\u00fd kousek oble\u010den\u00ed dopl\u0148oval sou\u010dasn\u00fd \u0161atn\u00edk. V\u00fdsledkem je kolekce, kter\u00e1 p\u016fsob\u00ed modern\u011b, ale nepodl\u00e9h\u00e1 trend\u016fm a nab\u00edz\u00ed kousky, kter\u00e9 z\u016fst\u00e1vaj\u00ed relevantn\u00ed sez\u00f3nu za sez\u00f3nou.<\/p><\/div>\n<\/div>\n<\/div>\n<\/div><\/div>\n\n<p><\/p>\n","protected":false},"excerpt":{"rendered":"<p>Co tu najdete Vybran\u00e1 kolekce Vintage Room 31 nab\u00edz\u00ed pe\u010dliv\u011b vybran\u00fd sortiment d\u00e1msk\u00e9ho a p\u00e1nsk\u00e9ho oble\u010den\u00ed, ko\u017een\u00fdch bund a dopl\u0148k\u016f. [&hellip;]<\/p>\n","protected":false},"author":1,"featured_media":0,"parent":0,"menu_order":0,"comment_status":"closed","ping_status":"closed","template":"","meta":{"_uag_custom_page_level_css":"","site-sidebar-layout":"default","site-content-layout":"","ast-site-content-layout":"default","site-content-style":"default","site-sidebar-style":"default","ast-global-header-display":"","ast-banner-title-visibility":"","ast-main-header-display":"","ast-hfb-above-header-display":"","ast-hfb-below-header-display":"","ast-hfb-mobile-header-display":"","site-post-title":"disabled","ast-breadcrumbs-content":"","ast-featured-img":"","footer-sml-layout":"","theme-transparent-header-meta":"","adv-header-id-meta":"","stick-header-meta":"","header-above-stick-meta":"","header-main-stick-meta":"","header-below-stick-meta":"","astra-migrate-meta-layouts":"default","ast-page-background-enabled":"default","ast-page-background-meta":{"desktop":{"background-color":"var(--ast-global-color-5)","background-image":"","background-repeat":"repeat","background-position":"center center","background-size":"auto","background-attachment":"scroll","background-type":"","background-media":"","overlay-type":"","overlay-color":"","overlay-opacity":"","overlay-gradient":""},"tablet":{"background-color":"","background-image":"","background-repeat":"repeat","background-position":"center center","background-size":"auto","background-attachment":"scroll","background-type":"","background-media":"","overlay-type":"","overlay-color":"","overlay-opacity":"","overlay-gradient":""},"mobile":{"background-color":"","background-image":"","background-repeat":"repeat","background-position":"center center","background-size":"auto","background-attachment":"scroll","background-type":"","background-media":"","overlay-type":"","overlay-color":"","overlay-opacity":"","overlay-gradient":""}},"ast-content-background-meta":{"desktop":{"background-color":"var(--ast-global-color-4)","background-image":"","background-repeat":"repeat","background-position":"center center","background-size":"auto","background-attachment":"scroll","background-type":"","background-media":"","overlay-type":"","overlay-color":"","overlay-opacity":"","overlay-gradient":""},"tablet":{"background-color":"var(--ast-global-color-4)","background-image":"","background-repeat":"repeat","background-position":"center center","background-size":"auto","background-attachment":"scroll","background-type":"","background-media":"","overlay-type":"","overlay-color":"","overlay-opacity":"","overlay-gradient":""},"mobile":{"background-color":"var(--ast-global-color-4)","background-image":"","background-repeat":"repeat","background-position":"center center","background-size":"auto","background-attachment":"scroll","background-type":"","background-media":"","overlay-type":"","overlay-color":"","overlay-opacity":"","overlay-gradient":""}},"footnotes":""},"class_list":["post-973","page","type-page","status-publish","hentry"],"uagb_featured_image_src":{"full":false,"thumbnail":false,"medium":false,"medium_large":false,"large":false,"1536x1536":false,"2048x2048":false},"uagb_author_info":{"display_name":"admin","author_link":"http:\/\/vintageroom31.pleximus.in\/cs\/author\/admin\/"},"uagb_comment_info":0,"uagb_excerpt":"Co tu najdete Vybran\u00e1 kolekce Vintage Room 31 nab\u00edz\u00ed pe\u010dliv\u011b vybran\u00fd sortiment d\u00e1msk\u00e9ho a p\u00e1nsk\u00e9ho oble\u010den\u00ed, ko\u017een\u00fdch bund a dopl\u0148k\u016f. [&hellip;]","_links":{"self":[{"href":"http:\/\/vintageroom31.pleximus.in\/cs\/wp-json\/wp\/v2\/pages\/973","targetHints":{"allow":["GET"]}}],"collection":[{"href":"http:\/\/vintageroom31.pleximus.in\/cs\/wp-json\/wp\/v2\/pages"}],"about":[{"href":"http:\/\/vintageroom31.pleximus.in\/cs\/wp-json\/wp\/v2\/types\/page"}],"author":[{"embeddable":true,"href":"http:\/\/vintageroom31.pleximus.in\/cs\/wp-json\/wp\/v2\/users\/1"}],"replies":[{"embeddable":true,"href":"http:\/\/vintageroom31.pleximus.in\/cs\/wp-json\/wp\/v2\/comments?post=973"}],"version-history":[{"count":14,"href":"http:\/\/vintageroom31.pleximus.in\/cs\/wp-json\/wp\/v2\/pages\/973\/revisions"}],"predecessor-version":[{"id":1043,"href":"http:\/\/vintageroom31.pleximus.in\/cs\/wp-json\/wp\/v2\/pages\/973\/revisions\/1043"}],"wp:attachment":[{"href":"http:\/\/vintageroom31.pleximus.in\/cs\/wp-json\/wp\/v2\/media?parent=973"}],"curies":[{"name":"wp","href":"https:\/\/api.w.org\/{rel}","templated":true}]}}