{"id":942,"date":"2025-12-26T15:04:29","date_gmt":"2025-12-26T15:04:29","guid":{"rendered":"https:\/\/vintageroom31.pleximus.in\/o-nas\/"},"modified":"2026-01-29T15:55:20","modified_gmt":"2026-01-29T15:55:20","slug":"o-nas","status":"publish","type":"page","link":"http:\/\/vintageroom31.pleximus.in\/cs\/o-nas\/","title":{"rendered":"O n\u00e1s"},"content":{"rendered":"\n<div class=\"wp-block-uagb-container uagb-block-2bbbfa6d alignfull uagb-is-root-container\"><div class=\"uagb-container-inner-blocks-wrap\">\n<div class=\"wp-block-uagb-advanced-heading uagb-block-e81d0705\"><h1 class=\"uagb-heading-text\">O VINTAGE ROOM 31<br\/><\/h1><\/div>\n<\/div><\/div>\n\n<div class=\"wp-block-uagb-container uagb-block-1f7cbc6a alignfull uagb-is-root-container\">\n<figure class=\"wp-block-video\"><video height=\"720\" style=\"aspect-ratio: 1280 \/ 720;\" width=\"1280\" autoplay=\"\" loop=\"\" muted=\"\" src=\"http:\/\/vintageroom31.pleximus.in\/wp-content\/uploads\/2025\/12\/8890976-hd_1280_720_25fps.mp4\" playsinline=\"\"><\/video><\/figure>\n<\/div>\n\n<div class=\"wp-block-uagb-container uagb-block-96da198e alignfull uagb-is-root-container\"><div class=\"uagb-container-inner-blocks-wrap\">\n<div class=\"wp-block-uagb-advanced-heading uagb-block-70a630db\"><h2 class=\"uagb-heading-text\">Filozofie promy\u0161len\u00e9 m\u00f3dy<\/h2><\/div>\n\n\n\n<div class=\"wp-block-uagb-advanced-heading uagb-block-96a0222c\"><p class=\"uagb-heading-text\">Srdcem Vintage Room 31 je z\u00e1vazek k pomal\u00e9 m\u00f3d\u011b. Ka\u017ed\u00fd od\u011bv je vyb\u00edr\u00e1n na z\u00e1klad\u011b kvality l\u00e1tky, konstrukce, st\u0159ihu a nad\u010dasov\u00e9 p\u0159ita\u017elivosti, sp\u00ed\u0161e ne\u017e sez\u00f3nn\u00ed popt\u00e1vky. Zam\u011b\u0159ujeme se na kousky, kter\u00e9 se mohou vyv\u00edjet s osobn\u00edm stylem, a ne na ty, kter\u00e9 zaniknou s trendy.  <br\/><br\/>Ka\u017ed\u00fd prvek Vintage Room 31 je navr\u017een tak, aby p\u016fsobil intimn\u011b a z\u00e1m\u011brn\u011b. Od vystaven\u00fdch od\u011bv\u016f a\u017e po celkov\u00fd z\u00e1\u017eitek, butik odr\u00e1\u017e\u00ed pomalej\u0161\u00ed a uv\u011bdom\u011blej\u0161\u00ed zp\u016fsob, jak se zapojit do m\u00f3dy. Je to prostor vytvo\u0159en\u00fd pro ty, kte\u0159\u00ed si cen\u00ed autenticity, detailu a dlouhotrvaj\u00edc\u00edho stylu.  <\/p><\/div>\n\n\n\n<div class=\"wp-block-uagb-container uagb-block-08ffbca7\">\n<div class=\"wp-block-uagb-container uagb-block-efd87f47\">\n<div class=\"wp-block-uagb-image uagb-block-73a1e3ec wp-block-uagb-image--layout-default wp-block-uagb-image--effect-static wp-block-uagb-image--align-none\"><figure class=\"wp-block-uagb-image__figure\"><img decoding=\"async\" srcset=\"http:\/\/vintageroom31.pleximus.in\/wp-content\/uploads\/2025\/12\/Vintage-damske-kozene-obleceni-Vintage-room31_gm_optimized.webp ,http:\/\/vintageroom31.pleximus.in\/wp-content\/uploads\/2025\/12\/Vintage-damske-kozene-obleceni-Vintage-room31_gm_optimized.webp 780w, http:\/\/vintageroom31.pleximus.in\/wp-content\/uploads\/2025\/12\/Vintage-damske-kozene-obleceni-Vintage-room31_gm_optimized.webp 360w\" sizes=\"auto, (max-width: 480px) 150px\" src=\"http:\/\/vintageroom31.pleximus.in\/wp-content\/uploads\/2025\/12\/Vintage-damske-kozene-obleceni-Vintage-room31_gm_optimized.webp\" alt=\"\" class=\"uag-image-487\" width=\"1008\" height=\"756\" title=\"Vintage d\u00e1msk\u00e9 ko\u017een\u00e9 oble\u010den\u00ed, Vintage room31_gm_optimized\" loading=\"lazy\" role=\"img\"><\/figure><\/div>\n<\/div>\n\n\n\n<div class=\"wp-block-uagb-container uagb-block-05d4e243\">\n<div class=\"wp-block-uagb-image uagb-block-38ee7e17 wp-block-uagb-image--layout-default wp-block-uagb-image--effect-static wp-block-uagb-image--align-none\"><figure class=\"wp-block-uagb-image__figure\"><img decoding=\"async\" srcset=\"http:\/\/vintageroom31.pleximus.in\/wp-content\/uploads\/2025\/12\/Stylove-damske-boty-exkluzivni-kolekce-Vintage-Room-31_gm_optimized.webp ,http:\/\/vintageroom31.pleximus.in\/wp-content\/uploads\/2025\/12\/Stylove-damske-boty-exkluzivni-kolekce-Vintage-Room-31_gm_optimized.webp 780w, http:\/\/vintageroom31.pleximus.in\/wp-content\/uploads\/2025\/12\/Stylove-damske-boty-exkluzivni-kolekce-Vintage-Room-31_gm_optimized.webp 360w\" sizes=\"auto, (max-width: 480px) 150px\" src=\"http:\/\/vintageroom31.pleximus.in\/wp-content\/uploads\/2025\/12\/Stylove-damske-boty-exkluzivni-kolekce-Vintage-Room-31_gm_optimized.webp\" alt=\"\" class=\"uag-image-484\" width=\"1008\" height=\"756\" title=\"Stylov\u00e9 d\u00e1msk\u00e9 boty \u2013 exkluzivn\u00ed kolekce Vintage Room 31_gm_optimized\" loading=\"lazy\" role=\"img\"><\/figure><\/div>\n<\/div>\n\n\n\n<div class=\"wp-block-uagb-container uagb-block-dd94d61a\">\n<div class=\"wp-block-uagb-image uagb-block-60a9e2db wp-block-uagb-image--layout-default wp-block-uagb-image--effect-static wp-block-uagb-image--align-none\"><figure class=\"wp-block-uagb-image__figure\"><img decoding=\"async\" srcset=\"http:\/\/vintageroom31.pleximus.in\/wp-content\/uploads\/2025\/12\/Designove-kabelky-v-prvni-casti-obchodu-timeless-vintage-tasky-_gm_optimized.webp ,http:\/\/vintageroom31.pleximus.in\/wp-content\/uploads\/2025\/12\/Designove-kabelky-v-prvni-casti-obchodu-timeless-vintage-tasky-_gm_optimized.webp 780w, http:\/\/vintageroom31.pleximus.in\/wp-content\/uploads\/2025\/12\/Designove-kabelky-v-prvni-casti-obchodu-timeless-vintage-tasky-_gm_optimized.webp 360w\" sizes=\"auto, (max-width: 480px) 150px\" src=\"http:\/\/vintageroom31.pleximus.in\/wp-content\/uploads\/2025\/12\/Designove-kabelky-v-prvni-casti-obchodu-timeless-vintage-tasky-_gm_optimized.webp\" alt=\"\" class=\"uag-image-464\" width=\"1008\" height=\"756\" title=\"Designov\u00e9 kabelky v prvn\u00ed \u010d\u00e1sti obchodu \u2013 nad\u010dasov\u00e9 vintage ta\u0161ky _gm_optimized\" loading=\"lazy\" role=\"img\"><\/figure><\/div>\n<\/div>\n<\/div>\n<\/div><\/div>\n\n<div class=\"wp-block-uagb-container uagb-block-822be240 alignfull uagb-is-root-container\"><div class=\"uagb-container-inner-blocks-wrap\">\n<div class=\"wp-block-uagb-advanced-heading uagb-block-d6b01335\"><h2 class=\"uagb-heading-text\">O Armin\u011b Pandeyan<\/h2><\/div>\n\n\n\n<div class=\"wp-block-uagb-container uagb-block-95312b16\">\n<div class=\"wp-block-uagb-container uagb-block-352618a1\">\n<div class=\"wp-block-uagb-advanced-heading uagb-block-9de50bef\"><p class=\"uagb-heading-text\">Tento praktick\u00fd p\u0159\u00edstup umo\u017e\u0148uje butiku udr\u017eet si osobitou identitu. Ka\u017ed\u00e1 kolekce p\u016fsob\u00ed ucelen\u011b, a p\u0159esto individu\u00e1ln\u011b a nab\u00edz\u00ed z\u00e1kazn\u00edk\u016fm jedine\u010dn\u00fd z\u00e1\u017eitek z nakupov\u00e1n\u00ed, kter\u00fd nelze jinde zopakovat. <\/p><\/div>\n\n\n\n<div class=\"wp-block-uagb-image uagb-block-8e921f34 wp-block-uagb-image--layout-default wp-block-uagb-image--effect-static wp-block-uagb-image--align-none\"><figure class=\"wp-block-uagb-image__figure\"><img decoding=\"async\" srcset=\"http:\/\/vintageroom31.pleximus.in\/wp-content\/uploads\/2025\/12\/Designove-kabelky-v-prvni-casti-obchodu-timeless-vintage-tasky-_gm_optimized.webp ,http:\/\/vintageroom31.pleximus.in\/wp-content\/uploads\/2025\/12\/Designove-kabelky-v-prvni-casti-obchodu-timeless-vintage-tasky-_gm_optimized.webp 780w, http:\/\/vintageroom31.pleximus.in\/wp-content\/uploads\/2025\/12\/Designove-kabelky-v-prvni-casti-obchodu-timeless-vintage-tasky-_gm_optimized.webp 360w\" sizes=\"auto, (max-width: 480px) 150px\" src=\"http:\/\/vintageroom31.pleximus.in\/wp-content\/uploads\/2025\/12\/Designove-kabelky-v-prvni-casti-obchodu-timeless-vintage-tasky-_gm_optimized.webp\" alt=\"\" class=\"uag-image-464\" width=\"1008\" height=\"756\" title=\"Designov\u00e9 kabelky v prvn\u00ed \u010d\u00e1sti obchodu \u2013 nad\u010dasov\u00e9 vintage ta\u0161ky _gm_optimized\" loading=\"lazy\" role=\"img\"><\/figure><\/div>\n\n\n\n<div class=\"wp-block-uagb-advanced-heading uagb-block-a03921ca\"><p class=\"uagb-heading-text\"><br\/>Vintage Room 31 zalo\u017eila Armina Pandeyan, jej\u00ed\u017e p\u0159\u00edstup k m\u00f3d\u011b vych\u00e1z\u00ed z \u0159emesln\u00e9ho zpracov\u00e1n\u00ed, autenticity a individuality. S vycvi\u010den\u00fdm okem pro detail osobn\u011b vyb\u00edr\u00e1 ka\u017ed\u00fd kousek dostupn\u00fd v butiku. <\/p><\/div>\n<\/div>\n\n\n\n<div class=\"wp-block-uagb-container uagb-block-4e642b8a\">\n<figure class=\"wp-block-video\"><video height=\"1366\" style=\"aspect-ratio: 720 \/ 1366;\" width=\"720\" autoplay=\"\" loop=\"\" muted=\"\" src=\"http:\/\/vintageroom31.pleximus.in\/wp-content\/uploads\/2025\/12\/4620563-hd_720_1366_50fps.mp4\" playsinline=\"\"><\/video><\/figure>\n<\/div>\n\n\n\n<div class=\"wp-block-uagb-container uagb-block-034c080d\">\n<div class=\"wp-block-uagb-image uagb-block-1204ac25 wp-block-uagb-image--layout-default wp-block-uagb-image--effect-static wp-block-uagb-image--align-none\"><figure class=\"wp-block-uagb-image__figure\"><img decoding=\"async\" srcset=\"http:\/\/vintageroom31.pleximus.in\/wp-content\/uploads\/2025\/12\/Interier-druhe-sekce-obchodu-Vintage-room-31-_gm_optimized.webp ,http:\/\/vintageroom31.pleximus.in\/wp-content\/uploads\/2025\/12\/Interier-druhe-sekce-obchodu-Vintage-room-31-_gm_optimized.webp 780w, http:\/\/vintageroom31.pleximus.in\/wp-content\/uploads\/2025\/12\/Interier-druhe-sekce-obchodu-Vintage-room-31-_gm_optimized.webp 360w\" sizes=\"auto, (max-width: 480px) 150px\" src=\"http:\/\/vintageroom31.pleximus.in\/wp-content\/uploads\/2025\/12\/Interier-druhe-sekce-obchodu-Vintage-room-31-_gm_optimized.webp\" alt=\"\" class=\"uag-image-467\" width=\"1008\" height=\"756\" title=\"Interi\u00e9r druh\u00e9 sekce obchodu Vintage room 31 _gm_optimized\" loading=\"lazy\" role=\"img\"><\/figure><\/div>\n\n\n\n<div class=\"wp-block-uagb-advanced-heading uagb-block-0fee1055\"><p class=\"uagb-heading-text\"><br\/>Armina v\u011b\u0159\u00ed, \u017ee oble\u010den\u00ed by m\u011blo n\u00e9st charakter a \u00fa\u010del. Jej\u00ed proces v\u00fdb\u011bru se \u0159\u00edd\u00ed intuic\u00ed, zku\u0161enostmi a respektem k integrit\u011b designu. Ka\u017ed\u00fd od\u011bv odr\u00e1\u017e\u00ed jej\u00ed vizi m\u00f3dy jako n\u011b\u010deho, v \u010dem se m\u00e1 \u017e\u00edt, a ne nahrazovat.  <\/p><\/div>\n\n\n\n<div class=\"wp-block-uagb-image uagb-block-8273b692 wp-block-uagb-image--layout-default wp-block-uagb-image--effect-static wp-block-uagb-image--align-none\"><figure class=\"wp-block-uagb-image__figure\"><img decoding=\"async\" srcset=\"http:\/\/vintageroom31.pleximus.in\/wp-content\/uploads\/2025\/12\/Sekce-butiku-stul-s-magaziny-a-exkluzivnimi-sperk-Vintage-Room-31_gm_optimized.webp ,http:\/\/vintageroom31.pleximus.in\/wp-content\/uploads\/2025\/12\/Sekce-butiku-stul-s-magaziny-a-exkluzivnimi-sperk-Vintage-Room-31_gm_optimized.webp 780w, http:\/\/vintageroom31.pleximus.in\/wp-content\/uploads\/2025\/12\/Sekce-butiku-stul-s-magaziny-a-exkluzivnimi-sperk-Vintage-Room-31_gm_optimized.webp 360w\" sizes=\"auto, (max-width: 480px) 150px\" src=\"http:\/\/vintageroom31.pleximus.in\/wp-content\/uploads\/2025\/12\/Sekce-butiku-stul-s-magaziny-a-exkluzivnimi-sperk-Vintage-Room-31_gm_optimized.webp\" alt=\"\" class=\"uag-image-483\" width=\"1008\" height=\"756\" title=\"Sekce butiku \u2013 st\u016fl s magaz\u00edny a exkluzivn\u00edmi \u0161perky, Vintage Room 31_gm_optimized\" loading=\"lazy\" role=\"img\"><\/figure><\/div>\n<\/div>\n<\/div>\n<\/div><\/div>\n\n<div class=\"wp-block-uagb-container uagb-block-90b64de1 alignfull uagb-is-root-container\"><div class=\"uagb-container-inner-blocks-wrap\">\n<div class=\"wp-block-uagb-container uagb-layout-flex uagb-block-3f4334ac\">\n<div class=\"wp-block-uagb-advanced-heading uagb-block-26eebbcd\"><h2 class=\"uagb-heading-text\">Prostor pro individu\u00e1ln\u00ed styl<\/h2><\/div>\n\n\n\n<div class=\"wp-block-uagb-advanced-heading uagb-block-755a1f28\"><p class=\"uagb-heading-text\">Vintage Room 31 je ur\u010den pro jednotlivce, kte\u0159\u00ed oce\u0148uj\u00ed m\u00f3du s hloubkou a z\u00e1m\u011brem. Butik podporuje sebevyj\u00e1d\u0159en\u00ed prost\u0159ednictv\u00edm pe\u010dliv\u011b vybran\u00fdch kousk\u016f, sp\u00ed\u0161e ne\u017e diktovan\u00fdch trend\u016f. <br\/><br\/>Z\u00e1kazn\u00edci jsou zv\u00e1ni, aby prozkoumali m\u00f3du vlastn\u00edm tempem a objevili od\u011bvy, kter\u00e9 rezonuj\u00ed s jejich osobnost\u00ed, \u017eivotn\u00edm stylem a hodnotami. Z\u00e1\u017eitek je neusp\u011bchan\u00fd, osobn\u00ed a promy\u0161len\u00fd. <\/p><\/div>\n<\/div>\n\n\n\n<figure class=\"wp-block-gallery has-nested-images columns-default is-cropped uag-masonry uagb-block-ac6ad2b6 wp-block-gallery-1 is-layout-flex wp-block-gallery-is-layout-flex\">\n<figure class=\"wp-block-image size-large\"><img loading=\"lazy\" decoding=\"async\" width=\"1008\" height=\"756\" data-id=\"490\" src=\"https:\/\/vintageroom31.pleximus.in\/wp-content\/uploads\/2025\/12\/Vintage-Zimni-kolekce-damskeho-obleceni-Vintage-room31_gm_optimized.webp\" alt=\"\" class=\"wp-image-490\" srcset=\"http:\/\/vintageroom31.pleximus.in\/wp-content\/uploads\/2025\/12\/Vintage-Zimni-kolekce-damskeho-obleceni-Vintage-room31_gm_optimized.webp 1008w, http:\/\/vintageroom31.pleximus.in\/wp-content\/uploads\/2025\/12\/Vintage-Zimni-kolekce-damskeho-obleceni-Vintage-room31_gm_optimized-300x225.webp 300w, http:\/\/vintageroom31.pleximus.in\/wp-content\/uploads\/2025\/12\/Vintage-Zimni-kolekce-damskeho-obleceni-Vintage-room31_gm_optimized-768x576.webp 768w\" sizes=\"auto, (max-width: 1008px) 100vw, 1008px\" \/><\/figure>\n\n\n\n<figure class=\"wp-block-image size-large\"><img loading=\"lazy\" decoding=\"async\" width=\"683\" height=\"1024\" data-id=\"498\" src=\"https:\/\/vintageroom31.pleximus.in\/wp-content\/uploads\/2025\/12\/DSF9473-683x1024.webp\" alt=\"\" class=\"wp-image-498\" srcset=\"http:\/\/vintageroom31.pleximus.in\/wp-content\/uploads\/2025\/12\/DSF9473-683x1024.webp 683w, http:\/\/vintageroom31.pleximus.in\/wp-content\/uploads\/2025\/12\/DSF9473-200x300.webp 200w, http:\/\/vintageroom31.pleximus.in\/wp-content\/uploads\/2025\/12\/DSF9473-768x1152.webp 768w, http:\/\/vintageroom31.pleximus.in\/wp-content\/uploads\/2025\/12\/DSF9473-1024x1536.webp 1024w, http:\/\/vintageroom31.pleximus.in\/wp-content\/uploads\/2025\/12\/DSF9473-1365x2048.webp 1365w, http:\/\/vintageroom31.pleximus.in\/wp-content\/uploads\/2025\/12\/DSF9473.webp 1632w\" sizes=\"auto, (max-width: 683px) 100vw, 683px\" \/><\/figure>\n\n\n\n<figure class=\"wp-block-image size-large\"><img loading=\"lazy\" decoding=\"async\" width=\"1008\" height=\"756\" data-id=\"484\" src=\"https:\/\/vintageroom31.pleximus.in\/wp-content\/uploads\/2025\/12\/Stylove-damske-boty-exkluzivni-kolekce-Vintage-Room-31_gm_optimized.webp\" alt=\"\" class=\"wp-image-484\" srcset=\"http:\/\/vintageroom31.pleximus.in\/wp-content\/uploads\/2025\/12\/Stylove-damske-boty-exkluzivni-kolekce-Vintage-Room-31_gm_optimized.webp 1008w, http:\/\/vintageroom31.pleximus.in\/wp-content\/uploads\/2025\/12\/Stylove-damske-boty-exkluzivni-kolekce-Vintage-Room-31_gm_optimized-300x225.webp 300w, http:\/\/vintageroom31.pleximus.in\/wp-content\/uploads\/2025\/12\/Stylove-damske-boty-exkluzivni-kolekce-Vintage-Room-31_gm_optimized-768x576.webp 768w\" sizes=\"auto, (max-width: 1008px) 100vw, 1008px\" \/><\/figure>\n\n\n\n<figure class=\"wp-block-image size-large\"><img loading=\"lazy\" decoding=\"async\" width=\"1008\" height=\"756\" data-id=\"479\" src=\"https:\/\/vintageroom31.pleximus.in\/wp-content\/uploads\/2025\/12\/Prostor-se-saty-a-zrcadlem-Vintage-Room31_gm_optimized.webp\" alt=\"\" class=\"wp-image-479\" srcset=\"http:\/\/vintageroom31.pleximus.in\/wp-content\/uploads\/2025\/12\/Prostor-se-saty-a-zrcadlem-Vintage-Room31_gm_optimized.webp 1008w, http:\/\/vintageroom31.pleximus.in\/wp-content\/uploads\/2025\/12\/Prostor-se-saty-a-zrcadlem-Vintage-Room31_gm_optimized-300x225.webp 300w, http:\/\/vintageroom31.pleximus.in\/wp-content\/uploads\/2025\/12\/Prostor-se-saty-a-zrcadlem-Vintage-Room31_gm_optimized-768x576.webp 768w\" sizes=\"auto, (max-width: 1008px) 100vw, 1008px\" \/><\/figure>\n\n\n\n<figure class=\"wp-block-image size-large\"><img loading=\"lazy\" decoding=\"async\" width=\"1008\" height=\"756\" data-id=\"464\" src=\"https:\/\/vintageroom31.pleximus.in\/wp-content\/uploads\/2025\/12\/Designove-kabelky-v-prvni-casti-obchodu-timeless-vintage-tasky-_gm_optimized.webp\" alt=\"\" class=\"wp-image-464\" srcset=\"http:\/\/vintageroom31.pleximus.in\/wp-content\/uploads\/2025\/12\/Designove-kabelky-v-prvni-casti-obchodu-timeless-vintage-tasky-_gm_optimized.webp 1008w, http:\/\/vintageroom31.pleximus.in\/wp-content\/uploads\/2025\/12\/Designove-kabelky-v-prvni-casti-obchodu-timeless-vintage-tasky-_gm_optimized-300x225.webp 300w, http:\/\/vintageroom31.pleximus.in\/wp-content\/uploads\/2025\/12\/Designove-kabelky-v-prvni-casti-obchodu-timeless-vintage-tasky-_gm_optimized-768x576.webp 768w\" sizes=\"auto, (max-width: 1008px) 100vw, 1008px\" \/><\/figure>\n\n\n\n<figure class=\"wp-block-image size-large\"><img loading=\"lazy\" decoding=\"async\" width=\"1008\" height=\"756\" data-id=\"466\" src=\"https:\/\/vintageroom31.pleximus.in\/wp-content\/uploads\/2025\/12\/Exkluzivni-kolekce-kozenych-kabatu-Vintage-Room-31_gm_optimized.webp\" alt=\"\" class=\"wp-image-466\" srcset=\"http:\/\/vintageroom31.pleximus.in\/wp-content\/uploads\/2025\/12\/Exkluzivni-kolekce-kozenych-kabatu-Vintage-Room-31_gm_optimized.webp 1008w, http:\/\/vintageroom31.pleximus.in\/wp-content\/uploads\/2025\/12\/Exkluzivni-kolekce-kozenych-kabatu-Vintage-Room-31_gm_optimized-300x225.webp 300w, http:\/\/vintageroom31.pleximus.in\/wp-content\/uploads\/2025\/12\/Exkluzivni-kolekce-kozenych-kabatu-Vintage-Room-31_gm_optimized-768x576.webp 768w\" sizes=\"auto, (max-width: 1008px) 100vw, 1008px\" \/><\/figure>\n\n\n\n<figure class=\"wp-block-image size-large\"><img loading=\"lazy\" decoding=\"async\" width=\"688\" height=\"1024\" data-id=\"499\" src=\"https:\/\/vintageroom31.pleximus.in\/wp-content\/uploads\/2025\/12\/DSC_1400.webp\" alt=\"\" class=\"wp-image-499\" srcset=\"http:\/\/vintageroom31.pleximus.in\/wp-content\/uploads\/2025\/12\/DSC_1400.webp 688w, http:\/\/vintageroom31.pleximus.in\/wp-content\/uploads\/2025\/12\/DSC_1400-202x300.webp 202w\" sizes=\"auto, (max-width: 688px) 100vw, 688px\" \/><\/figure>\n\n\n\n<figure class=\"wp-block-image size-large\"><img loading=\"lazy\" decoding=\"async\" width=\"1008\" height=\"756\" data-id=\"491\" src=\"https:\/\/vintageroom31.pleximus.in\/wp-content\/uploads\/2025\/12\/Vyrazny-damsky-kozeny-kousek-cervena-bunda-Vintage-Room-31_gm_optimized.webp\" alt=\"\" class=\"wp-image-491\" srcset=\"http:\/\/vintageroom31.pleximus.in\/wp-content\/uploads\/2025\/12\/Vyrazny-damsky-kozeny-kousek-cervena-bunda-Vintage-Room-31_gm_optimized.webp 1008w, http:\/\/vintageroom31.pleximus.in\/wp-content\/uploads\/2025\/12\/Vyrazny-damsky-kozeny-kousek-cervena-bunda-Vintage-Room-31_gm_optimized-300x225.webp 300w, http:\/\/vintageroom31.pleximus.in\/wp-content\/uploads\/2025\/12\/Vyrazny-damsky-kozeny-kousek-cervena-bunda-Vintage-Room-31_gm_optimized-768x576.webp 768w\" sizes=\"auto, (max-width: 1008px) 100vw, 1008px\" \/><\/figure>\n\n\n\n<figure class=\"wp-block-image size-large\"><img loading=\"lazy\" decoding=\"async\" width=\"1008\" height=\"756\" data-id=\"463\" src=\"https:\/\/vintageroom31.pleximus.in\/wp-content\/uploads\/2025\/12\/Bocni-cast-vylohy-Vintage-Room-31_gm_optimized.webp\" alt=\"\" class=\"wp-image-463\" srcset=\"http:\/\/vintageroom31.pleximus.in\/wp-content\/uploads\/2025\/12\/Bocni-cast-vylohy-Vintage-Room-31_gm_optimized.webp 1008w, http:\/\/vintageroom31.pleximus.in\/wp-content\/uploads\/2025\/12\/Bocni-cast-vylohy-Vintage-Room-31_gm_optimized-300x225.webp 300w, http:\/\/vintageroom31.pleximus.in\/wp-content\/uploads\/2025\/12\/Bocni-cast-vylohy-Vintage-Room-31_gm_optimized-768x576.webp 768w\" sizes=\"auto, (max-width: 1008px) 100vw, 1008px\" \/><\/figure>\n\n\n\n<figure class=\"wp-block-image size-large\"><img loading=\"lazy\" decoding=\"async\" width=\"576\" height=\"1024\" data-id=\"495\" src=\"https:\/\/vintageroom31.pleximus.in\/wp-content\/uploads\/2025\/12\/DSF1245-576x1024.webp\" alt=\"\" class=\"wp-image-495\" srcset=\"http:\/\/vintageroom31.pleximus.in\/wp-content\/uploads\/2025\/12\/DSF1245-576x1024.webp 576w, http:\/\/vintageroom31.pleximus.in\/wp-content\/uploads\/2025\/12\/DSF1245-169x300.webp 169w, http:\/\/vintageroom31.pleximus.in\/wp-content\/uploads\/2025\/12\/DSF1245-768x1365.webp 768w, http:\/\/vintageroom31.pleximus.in\/wp-content\/uploads\/2025\/12\/DSF1245-864x1536.webp 864w, http:\/\/vintageroom31.pleximus.in\/wp-content\/uploads\/2025\/12\/DSF1245.webp 972w\" sizes=\"auto, (max-width: 576px) 100vw, 576px\" \/><\/figure>\n<\/figure>\n<\/div><\/div>\n\n<div class=\"wp-block-uagb-container uagb-block-073facf8 alignfull uagb-is-root-container\"><div class=\"uagb-container-inner-blocks-wrap\">\n<div class=\"wp-block-uagb-advanced-heading uagb-block-b15bef73\"><h1 class=\"uagb-heading-text\">M\u00f3da s dlouhou \u017eivotnost\u00ed <br\/>a v\u00fdznamem<a href=\"https:\/\/vintageroom31.pleximus.in\/index\/#\"><\/a><\/h1><\/div>\n\n\n\n<div class=\"wp-block-uagb-buttons uagb-buttons__outer-wrap uagb-btn__default-btn uagb-btn-tablet__default-btn uagb-btn-mobile__default-btn uagb-block-b42f2b74\"><div class=\"uagb-buttons__wrap uagb-buttons-layout-wrap \">\n<div class=\"wp-block-uagb-buttons-child uagb-buttons__outer-wrap uagb-block-423d95f7 wp-block-button\"><div class=\"uagb-button__wrapper\"><a class=\"uagb-buttons-repeater wp-block-button__link\" aria-label=\"\" href=\"https:\/\/www.instagram.com\/vintageroom31\/\" rel=\"follow noopener\" target=\"_blank\" role=\"button\"><div class=\"uagb-button__link\">Sledujte na Instagramu<\/div><span class=\"uagb-button__icon uagb-button__icon-position-after\"><svg xmlns=\"https:\/\/www.w3.org\/2000\/svg\" viewbox=\"0 0 448 512\" aria-hidden=\"true\" focussable=\"false\"><path d=\"M438.6 278.6l-160 160C272.4 444.9 264.2 448 256 448s-16.38-3.125-22.62-9.375c-12.5-12.5-12.5-32.75 0-45.25L338.8 288H32C14.33 288 .0016 273.7 .0016 256S14.33 224 32 224h306.8l-105.4-105.4c-12.5-12.5-12.5-32.75 0-45.25s32.75-12.5 45.25 0l160 160C451.1 245.9 451.1 266.1 438.6 278.6z\"><\/path><\/svg><\/span><\/a><\/div><\/div>\n<\/div><\/div>\n<\/div><\/div>\n\n<p><\/p>\n","protected":false},"excerpt":{"rendered":"<p>O VINTAGE ROOM 31 Filozofie promy\u0161len\u00e9 m\u00f3dy Srdcem Vintage Room 31 je z\u00e1vazek k pomal\u00e9 m\u00f3d\u011b. Ka\u017ed\u00fd od\u011bv je vyb\u00edr\u00e1n [&hellip;]<\/p>\n","protected":false},"author":1,"featured_media":0,"parent":0,"menu_order":0,"comment_status":"closed","ping_status":"closed","template":"","meta":{"_uag_custom_page_level_css":"","site-sidebar-layout":"default","site-content-layout":"","ast-site-content-layout":"default","site-content-style":"default","site-sidebar-style":"default","ast-global-header-display":"","ast-banner-title-visibility":"","ast-main-header-display":"","ast-hfb-above-header-display":"","ast-hfb-below-header-display":"","ast-hfb-mobile-header-display":"","site-post-title":"disabled","ast-breadcrumbs-content":"","ast-featured-img":"","footer-sml-layout":"","theme-transparent-header-meta":"","adv-header-id-meta":"","stick-header-meta":"","header-above-stick-meta":"","header-main-stick-meta":"","header-below-stick-meta":"","astra-migrate-meta-layouts":"default","ast-page-background-enabled":"default","ast-page-background-meta":{"desktop":{"background-color":"var(--ast-global-color-5)","background-image":"","background-repeat":"repeat","background-position":"center center","background-size":"auto","background-attachment":"scroll","background-type":"","background-media":"","overlay-type":"","overlay-color":"","overlay-opacity":"","overlay-gradient":""},"tablet":{"background-color":"","background-image":"","background-repeat":"repeat","background-position":"center center","background-size":"auto","background-attachment":"scroll","background-type":"","background-media":"","overlay-type":"","overlay-color":"","overlay-opacity":"","overlay-gradient":""},"mobile":{"background-color":"","background-image":"","background-repeat":"repeat","background-position":"center center","background-size":"auto","background-attachment":"scroll","background-type":"","background-media":"","overlay-type":"","overlay-color":"","overlay-opacity":"","overlay-gradient":""}},"ast-content-background-meta":{"desktop":{"background-color":"var(--ast-global-color-4)","background-image":"","background-repeat":"repeat","background-position":"center center","background-size":"auto","background-attachment":"scroll","background-type":"","background-media":"","overlay-type":"","overlay-color":"","overlay-opacity":"","overlay-gradient":""},"tablet":{"background-color":"var(--ast-global-color-4)","background-image":"","background-repeat":"repeat","background-position":"center center","background-size":"auto","background-attachment":"scroll","background-type":"","background-media":"","overlay-type":"","overlay-color":"","overlay-opacity":"","overlay-gradient":""},"mobile":{"background-color":"var(--ast-global-color-4)","background-image":"","background-repeat":"repeat","background-position":"center center","background-size":"auto","background-attachment":"scroll","background-type":"","background-media":"","overlay-type":"","overlay-color":"","overlay-opacity":"","overlay-gradient":""}},"footnotes":""},"class_list":["post-942","page","type-page","status-publish","hentry"],"uagb_featured_image_src":{"full":false,"thumbnail":false,"medium":false,"medium_large":false,"large":false,"1536x1536":false,"2048x2048":false},"uagb_author_info":{"display_name":"admin","author_link":"http:\/\/vintageroom31.pleximus.in\/cs\/author\/admin\/"},"uagb_comment_info":0,"uagb_excerpt":"O VINTAGE ROOM 31 Filozofie promy\u0161len\u00e9 m\u00f3dy Srdcem Vintage Room 31 je z\u00e1vazek k pomal\u00e9 m\u00f3d\u011b. Ka\u017ed\u00fd od\u011bv je vyb\u00edr\u00e1n [&hellip;]","_links":{"self":[{"href":"http:\/\/vintageroom31.pleximus.in\/cs\/wp-json\/wp\/v2\/pages\/942","targetHints":{"allow":["GET"]}}],"collection":[{"href":"http:\/\/vintageroom31.pleximus.in\/cs\/wp-json\/wp\/v2\/pages"}],"about":[{"href":"http:\/\/vintageroom31.pleximus.in\/cs\/wp-json\/wp\/v2\/types\/page"}],"author":[{"embeddable":true,"href":"http:\/\/vintageroom31.pleximus.in\/cs\/wp-json\/wp\/v2\/users\/1"}],"replies":[{"embeddable":true,"href":"http:\/\/vintageroom31.pleximus.in\/cs\/wp-json\/wp\/v2\/comments?post=942"}],"version-history":[{"count":1,"href":"http:\/\/vintageroom31.pleximus.in\/cs\/wp-json\/wp\/v2\/pages\/942\/revisions"}],"predecessor-version":[{"id":943,"href":"http:\/\/vintageroom31.pleximus.in\/cs\/wp-json\/wp\/v2\/pages\/942\/revisions\/943"}],"wp:attachment":[{"href":"http:\/\/vintageroom31.pleximus.in\/cs\/wp-json\/wp\/v2\/media?parent=942"}],"curies":[{"name":"wp","href":"https:\/\/api.w.org\/{rel}","templated":true}]}}